{"id":10928,"date":"2019-12-23T10:35:18","date_gmt":"2019-12-23T15:35:18","guid":{"rendered":"https:\/\/pcpplasticos.com\/?page_id=10928"},"modified":"2022-10-08T00:38:03","modified_gmt":"2022-10-08T05:38:03","slug":"como-podemos-cuidar-el-agua-en-temporada-de-vacaciones","status":"publish","type":"page","link":"https:\/\/pcpplasticos.com\/usa\/como-podemos-cuidar-el-agua-en-temporada-de-vacaciones\/","title":{"rendered":"\u00bfC\u00f3mo podemos cuidar el agua en temporada de vacaciones?"},"content":{"rendered":"<p>[et_pb_section fb_built=&#8221;1&#8243; _builder_version=&#8221;3.22&#8243;][et_pb_row _builder_version=&#8221;3.25&#8243; background_size=&#8221;initial&#8221; background_position=&#8221;top_left&#8221; background_repeat=&#8221;repeat&#8221;][et_pb_column type=&#8221;4_4&#8243; _builder_version=&#8221;3.25&#8243; custom_padding=&#8221;|||&#8221; custom_padding__hover=&#8221;|||&#8221;][et_pb_image src=&#8221;https:\/\/pcpplasticos.com\/wp-content\/uploads\/2019\/12\/75116702_2566705323409169_7930922008466948096_o.png&#8221; align_tablet=&#8221;center&#8221; align_last_edited=&#8221;on|desktop&#8221; _builder_version=&#8221;3.23&#8243;][\/et_pb_image][et_pb_text _builder_version=&#8221;3.27.4&#8243;]<span style=\"color: #0c71c3;\">\u00a1<a style=\"color: #0c71c3;\" href=\"https:\/\/www.ambientum.com\/ambientum\/residuos\/espana-recicla-mas-del-80-de-las-latas-de-bebidas.asp\">Reciclar<\/a>, reutilizar y <a style=\"color: #0c71c3;\" href=\"https:\/\/www.ambientum.com\/ambientum\/energia\/paises-bajos-reto-de-reducir-la-dependencia-del-gas.asp\">reducir<\/a>!<\/span> Es la premisa que no puede faltar a la hora de viajar. Durante la temporada de vacaciones es importante el consumo responsable y amigable con el medio ambiente, ya que de esta manera, y a trav\u00e9s de las acciones y conciencias colectivas se podr\u00e1 generar un mayor impacto que ayude al cuidado del planeta.<\/p>\n<p>Por eso antes de salir del hogar y dejarlo vaci\u00f3 aseg\u00farese de que no hayan fugas, d\u00edas anteriores puede dejar una servilleta bajo los acoples de grifer\u00eda, tambi\u00e9n revisar humedades que salen de la nada en muros y pisos, estas se manifiestan en hongos, pinturas sopladas o paredes y techos amarrillos, por \u00faltimo y m\u00e1s importante instalar v\u00e1lvulas y acoples de calidad que cumplan con los est\u00e1ndares de resistencia y presi\u00f3n.<\/p>\n<p>Las ansiadas vacaciones ya est\u00e1n a la vuelta de la esquina y aunque esto signifique que se deben cambiar algunos h\u00e1bitos, no se puede descuidar el cuidado del entorno que contribuye a conservar el medio ambiente, estas son algunas de las recomendaciones que deber\u00e1 seguir:<\/p>\n<ol>\n<li>No hay que confundir valor y precio: aunque no se pague directamente el agua que se gasta en vacaciones (por ejemplo, en un hotel o un camping) hay que pensar en que es un bien escaso.<\/li>\n<li>Usa protector solar amigable con el medio ambiente.<\/li>\n<li>Carga siempre una bolsa de tela, este tipo de bolsas son muy pr\u00e1cticas, no ocupan tanto espacio en tu maleta, por lo que no es un pretexto para no empacarla. Las puedes llevar a cualquier supermercado o utilizarlas para alguna compra. Al hacer uso de ella estar\u00e1s contribuyendo a <strong>reducir el consumo de bolsas de pl\u00e1stico<\/strong>.<\/li>\n<li>Carga una bolsa de tela<\/li>\n<li>Carga siempre tu botella de agua, evita el uso del pl\u00e1stico, arr\u00f3jalo en el lugar adecuado.<\/li>\n<li>El aire acondicionado, solo si es necesario.<\/li>\n<\/ol>\n<p>Estos son sencillos pasos que har\u00e1n de unas vacaciones m\u00e1s conscientes de la situaci\u00f3n del planeta.<br \/>\n[\/et_pb_text][\/et_pb_column][\/et_pb_row][\/et_pb_section]<\/p>\n","protected":false},"excerpt":{"rendered":"<p>[et_pb_section fb_built=&#8221;1&#8243; _builder_version=&#8221;3.22&#8243;][et_pb_row _builder_version=&#8221;3.25&#8243; background_size=&#8221;initial&#8221; background_position=&#8221;top_left&#8221; background_repeat=&#8221;repeat&#8221;][et_pb_column type=&#8221;4_4&#8243; _builder_version=&#8221;3.25&#8243; custom_padding=&#8221;|||&#8221; custom_padding__hover=&#8221;|||&#8221;][et_pb_image src=&#8221;https:\/\/pcpplasticos.com\/wp-content\/uploads\/2019\/12\/75116702_2566705323409169_7930922008466948096_o.png&#8221; align_tablet=&#8221;center&#8221; align_last_edited=&#8221;on|desktop&#8221; _builder_version=&#8221;3.23&#8243;][\/et_pb_image][et_pb_text _builder_version=&#8221;3.27.4&#8243;]\u00a1Reciclar, reutilizar y reducir! Es la premisa que no puede faltar a la hora de viajar. Durante la temporada de vacaciones es importante el consumo responsable y amigable con el medio ambiente, ya que de esta manera, y a trav\u00e9s [&hellip;]<\/p>\n","protected":false},"author":296,"featured_media":0,"parent":0,"menu_order":0,"comment_status":"closed","ping_status":"closed","template":"","meta":{"_et_pb_use_builder":"on","_et_pb_old_content":"","_et_gb_content_width":"","content-type":"","footnotes":""},"class_list":["post-10928","page","type-page","status-publish","hentry"],"_links":{"self":[{"href":"https:\/\/pcpplasticos.com\/usa\/wp-json\/wp\/v2\/pages\/10928","targetHints":{"allow":["GET"]}}],"collection":[{"href":"https:\/\/pcpplasticos.com\/usa\/wp-json\/wp\/v2\/pages"}],"about":[{"href":"https:\/\/pcpplasticos.com\/usa\/wp-json\/wp\/v2\/types\/page"}],"author":[{"embeddable":true,"href":"https:\/\/pcpplasticos.com\/usa\/wp-json\/wp\/v2\/users\/296"}],"replies":[{"embeddable":true,"href":"https:\/\/pcpplasticos.com\/usa\/wp-json\/wp\/v2\/comments?post=10928"}],"version-history":[{"count":10,"href":"https:\/\/pcpplasticos.com\/usa\/wp-json\/wp\/v2\/pages\/10928\/revisions"}],"predecessor-version":[{"id":15106,"href":"https:\/\/pcpplasticos.com\/usa\/wp-json\/wp\/v2\/pages\/10928\/revisions\/15106"}],"wp:attachment":[{"href":"https:\/\/pcpplasticos.com\/usa\/wp-json\/wp\/v2\/media?parent=10928"}],"curies":[{"name":"wp","href":"https:\/\/api.w.org\/{rel}","templated":true}]}}