{"id":15087,"date":"2022-10-08T04:37:48","date_gmt":"2022-10-08T09:37:48","guid":{"rendered":"https:\/\/pcpplasticos.com\/?page_id=15087"},"modified":"2025-05-12T12:14:22","modified_gmt":"2025-05-12T17:14:22","slug":"bim-library","status":"publish","type":"page","link":"https:\/\/pcpplasticos.com\/usa\/biblioteca-bim\/","title":{"rendered":"BIM Library"},"content":{"rendered":"<div data-elementor-type=\"wp-page\" data-elementor-id=\"15087\" class=\"elementor elementor-15087\" data-elementor-post-type=\"page\">\n\t\t\t\t<div class=\"elementor-element elementor-element-5772e225 e-con-full blanco-difuminado e-flex e-con e-parent\" data-id=\"5772e225\" data-element_type=\"container\" data-e-type=\"container\">\n\t\t\t\t<div class=\"elementor-element elementor-element-7cb3b11 elementor-widget elementor-widget-image-carousel\" data-id=\"7cb3b11\" data-element_type=\"widget\" data-e-type=\"widget\" data-settings=\"{&quot;slides_to_show&quot;:&quot;1&quot;,&quot;navigation&quot;:&quot;none&quot;,&quot;autoplay&quot;:&quot;yes&quot;,&quot;pause_on_hover&quot;:&quot;yes&quot;,&quot;pause_on_interaction&quot;:&quot;yes&quot;,&quot;autoplay_speed&quot;:5000,&quot;infinite&quot;:&quot;yes&quot;,&quot;effect&quot;:&quot;slide&quot;,&quot;speed&quot;:500}\" data-widget_type=\"image-carousel.default\">\n\t\t\t\t<div class=\"elementor-widget-container\">\n\t\t\t\t\t\t\t<div class=\"elementor-image-carousel-wrapper swiper\" role=\"region\" aria-roledescription=\"carousel\" aria-label=\"Carousel of images\" dir=\"ltr\">\n\t\t\t<div class=\"elementor-image-carousel swiper-wrapper swiper-image-stretch\" aria-live=\"off\">\n\t\t\t\t\t\t\t\t<div class=\"swiper-slide\" role=\"group\" aria-roledescription=\"slide\" aria-label=\"1 of 1\" data-no-translation-aria-label=\"\"><figure class=\"swiper-slide-inner\"><img decoding=\"async\" class=\"swiper-slide-image\" src=\"https:\/\/pcpplasticos.com\/wp-content\/uploads\/2025\/07\/banner-BIM-library-scaled.webp\" alt=\"Banner-BIM\" \/><\/figure><\/div>\t\t\t<\/div>\n\t\t\t\t\t<\/div>\n\t\t\t\t\t\t<\/div>\n\t\t\t\t<\/div>\n\t\t\t\t<\/div>\n\t\t<div class=\"elementor-element elementor-element-6ef1d5e1 e-flex e-con-boxed e-con e-parent\" data-id=\"6ef1d5e1\" data-element_type=\"container\" data-e-type=\"container\">\n\t\t\t\t\t<div class=\"e-con-inner\">\n\t\t\t\t<div class=\"elementor-element elementor-element-11c82e21 contenedor-breadcrumb elementor-widget elementor-widget-woocommerce-breadcrumb\" data-id=\"11c82e21\" data-element_type=\"widget\" data-e-type=\"widget\" data-widget_type=\"woocommerce-breadcrumb.default\">\n\t\t\t\t<div class=\"elementor-widget-container\">\n\t\t\t\t\t<nav class=\"woocommerce-breadcrumb\" aria-label=\"Breadcrumb\"><a href=\"https:\/\/pcpplasticos.com\/usa\" data-no-translation=\"\" data-trp-gettext=\"\">Home<\/a><span>Products<\/span><\/nav>\t\t\t\t<\/div>\n\t\t\t\t<\/div>\n\t\t\t\t<div class=\"elementor-element elementor-element-7b8a0d69 elementor-widget elementor-widget-heading\" data-id=\"7b8a0d69\" data-element_type=\"widget\" data-e-type=\"widget\" data-widget_type=\"heading.default\">\n\t\t\t\t<div class=\"elementor-widget-container\">\n\t\t\t\t\t<h1 class=\"elementor-heading-title elementor-size-default\">Biblioteca BIM (Modelado de informaci\u00f3n de construcci\u00f3n)<\/h1>\t\t\t\t<\/div>\n\t\t\t\t<\/div>\n\t\t\t\t<div class=\"elementor-element elementor-element-2c166a1c elementor-widget elementor-widget-text-editor\" data-id=\"2c166a1c\" data-element_type=\"widget\" data-e-type=\"widget\" data-widget_type=\"text-editor.default\">\n\t\t\t\t<div class=\"elementor-widget-container\">\n\t\t\t\t\t\t\t\t\t<div class=\"header-content\"><div class=\"et_pb_header_content_wrapper\"><p>This BIM (Building Information Modeling) library allows us to optimize the management processes in the search data for our high quality, honest products, reducing on-site contingencies, speeding up time during execution and allowing the visualization of designs for a better understanding of the project.<\/p><p>At PCP we guarantee a better experience to our users, here you will find the products through a digital information model created for the technical coordination between different disciplines and a better visualization of the designs generating an optimal understanding of each one.<\/p><p>\u00a0<\/p><p><img decoding=\"async\" class=\"wp-image-15091 alignnone size-full\" src=\"https:\/\/pcpplasticos.com\/wp-content\/uploads\/2022\/10\/icono.png\" alt=\"\" width=\"24\" height=\"24\" \/><span style=\"color: #009ce4;\">Revit, the state-of-the-art design software for BIM methodology<\/span><\/p><p>This software belongs to the house of Autodesk, has the ability to model different disciplines: Architecture, Structures, RSH (dry and wet networks).<\/p><p><img decoding=\"async\" class=\"wp-image-15091 alignnone size-full\" src=\"https:\/\/pcpplasticos.com\/wp-content\/uploads\/2022\/10\/icono.png\" alt=\"\" width=\"24\" height=\"24\" \/><span style=\"color: #009ce4;\">What are the advantages?<\/span><\/p><p>Being one of the most used tools, there are different resources.<br \/>Interoperability between other Autodesk tools, such as Navisworks, Dynamo, AutoCAD, among others.<br \/>Modeling of Architecture, Structures and MEP (Mechanical, Electrical and Plumbing).<\/p><\/div><\/div>\t\t\t\t\t\t\t\t<\/div>\n\t\t\t\t<\/div>\n\t\t<div class=\"elementor-element elementor-element-486775a e-con-full image-bg-transparent e-flex e-con e-child\" data-id=\"486775a\" data-element_type=\"container\" data-e-type=\"container\">\n\t\t<div class=\"elementor-element elementor-element-f8ecdf4 e-con-full e-flex e-con e-child\" data-id=\"f8ecdf4\" data-element_type=\"container\" data-e-type=\"container\">\n\t\t<div class=\"elementor-element elementor-element-c879044 e-con-full overflow-hidden element-familia e-flex e-con e-child\" data-id=\"c879044\" data-element_type=\"container\" data-e-type=\"container\" data-settings=\"{&quot;background_background&quot;:&quot;classic&quot;}\">\n\t\t<div class=\"elementor-element elementor-element-1c41945 e-con-full e-flex e-con e-child\" data-id=\"1c41945\" data-element_type=\"container\" data-e-type=\"container\">\n\t\t\t\t<div class=\"elementor-element elementor-element-26585fe elementor-widget elementor-widget-image\" data-id=\"26585fe\" data-element_type=\"widget\" data-e-type=\"widget\" data-widget_type=\"image.default\">\n\t\t\t\t<div class=\"elementor-widget-container\">\n\t\t\t\t\t\t\t\t\t\t\t\t\t\t\t\t<a href=\"https:\/\/pcpplasticos.com\/usa\/bim-library\/ball-valves\/\">\n\t\t\t\t\t\t\t<img decoding=\"async\" src=\"https:\/\/pcpplasticos.com\/wp-content\/uploads\/elementor\/thumbs\/valvulas-pcp-plasticos-q4te1ll5exq26rxa5vf1g2sjrdwy8gqsk6n5cymadc.jpg\" title=\"valves-pcp-plastics\" alt=\"valves-pcp-plastics\" loading=\"lazy\" \/>\t\t\t\t\t\t\t\t<\/a>\n\t\t\t\t\t\t\t\t\t\t\t\t\t\t\t<\/div>\n\t\t\t\t<\/div>\n\t\t\t\t<\/div>\n\t\t\t\t<div class=\"elementor-element elementor-element-fcb2c18 elementor-align-center elementor-widget__width-inherit btn-go-to-familia elementor-widget elementor-widget-button\" data-id=\"fcb2c18\" data-element_type=\"widget\" data-e-type=\"widget\" data-widget_type=\"button.default\">\n\t\t\t\t<div class=\"elementor-widget-container\">\n\t\t\t\t\t\t\t\t\t<div class=\"elementor-button-wrapper\">\n\t\t\t\t\t<a class=\"elementor-button elementor-button-link elementor-size-sm\" href=\"https:\/\/pcpplasticos.com\/usa\/bim-library\/ball-valves\/\">\n\t\t\t\t\t\t<span class=\"elementor-button-content-wrapper\">\n\t\t\t\t\t\t\t\t\t<span class=\"elementor-button-text\">Ball valves<\/span>\n\t\t\t\t\t<\/span>\n\t\t\t\t\t<\/a>\n\t\t\t\t<\/div>\n\t\t\t\t\t\t\t\t<\/div>\n\t\t\t\t<\/div>\n\t\t\t\t<\/div>\n\t\t\t\t<\/div>\n\t\t<div class=\"elementor-element elementor-element-47fa513 e-con-full e-flex e-con e-child\" data-id=\"47fa513\" data-element_type=\"container\" data-e-type=\"container\">\n\t\t<div class=\"elementor-element elementor-element-e22272b e-con-full overflow-hidden element-familia e-flex e-con e-child\" data-id=\"e22272b\" data-element_type=\"container\" data-e-type=\"container\" data-settings=\"{&quot;background_background&quot;:&quot;classic&quot;}\">\n\t\t<div class=\"elementor-element elementor-element-7cbab5b e-con-full e-flex e-con e-child\" data-id=\"7cbab5b\" data-element_type=\"container\" data-e-type=\"container\">\n\t\t\t\t<div class=\"elementor-element elementor-element-2c1a716 elementor-widget elementor-widget-image\" data-id=\"2c1a716\" data-element_type=\"widget\" data-e-type=\"widget\" data-widget_type=\"image.default\">\n\t\t\t\t<div class=\"elementor-widget-container\">\n\t\t\t\t\t\t\t\t\t\t\t\t\t\t\t\t<a href=\"https:\/\/pcpplasticos.com\/usa\/bim-library\/familia-uniones\/\">\n\t\t\t\t\t\t\t<img decoding=\"async\" src=\"https:\/\/pcpplasticos.com\/wp-content\/uploads\/elementor\/thumbs\/uniones-pcp-plasticos-q4te1knb83orv5ynbd0evl13601l0rn281znvonojk.jpg\" title=\"unions-pcp-plastics\" alt=\"unions-pcp-plastics\" loading=\"lazy\" \/>\t\t\t\t\t\t\t\t<\/a>\n\t\t\t\t\t\t\t\t\t\t\t\t\t\t\t<\/div>\n\t\t\t\t<\/div>\n\t\t\t\t<\/div>\n\t\t\t\t<div class=\"elementor-element elementor-element-7ac3fc5 elementor-align-center elementor-widget__width-inherit btn-go-to-familia elementor-widget elementor-widget-button\" data-id=\"7ac3fc5\" data-element_type=\"widget\" data-e-type=\"widget\" data-widget_type=\"button.default\">\n\t\t\t\t<div class=\"elementor-widget-container\">\n\t\t\t\t\t\t\t\t\t<div class=\"elementor-button-wrapper\">\n\t\t\t\t\t<a class=\"elementor-button elementor-button-link elementor-size-sm\" href=\"https:\/\/pcpplasticos.com\/usa\/bim-library\/familia-uniones\/\">\n\t\t\t\t\t\t<span class=\"elementor-button-content-wrapper\">\n\t\t\t\t\t\t\t\t\t<span class=\"elementor-button-text\">Family unions and connections<\/span>\n\t\t\t\t\t<\/span>\n\t\t\t\t\t<\/a>\n\t\t\t\t<\/div>\n\t\t\t\t\t\t\t\t<\/div>\n\t\t\t\t<\/div>\n\t\t\t\t<\/div>\n\t\t\t\t<\/div>\n\t\t<div class=\"elementor-element elementor-element-3140e0c e-con-full e-flex e-con e-child\" data-id=\"3140e0c\" data-element_type=\"container\" data-e-type=\"container\">\n\t\t<div class=\"elementor-element elementor-element-0119e69 e-con-full overflow-hidden element-familia e-flex e-con e-child\" data-id=\"0119e69\" data-element_type=\"container\" data-e-type=\"container\" data-settings=\"{&quot;background_background&quot;:&quot;classic&quot;}\">\n\t\t<div class=\"elementor-element elementor-element-1c6ce65 e-con-full e-flex e-con e-child\" data-id=\"1c6ce65\" data-element_type=\"container\" data-e-type=\"container\">\n\t\t\t\t<div class=\"elementor-element elementor-element-ae0f696 elementor-widget elementor-widget-image\" data-id=\"ae0f696\" data-element_type=\"widget\" data-e-type=\"widget\" data-widget_type=\"image.default\">\n\t\t\t\t<div class=\"elementor-widget-container\">\n\t\t\t\t\t\t\t\t\t\t\t\t\t\t\t\t<a href=\"https:\/\/pcpplasticos.com\/usa\/bim-library\/acueducto\/\">\n\t\t\t\t\t\t\t<img decoding=\"async\" src=\"https:\/\/pcpplasticos.com\/wp-content\/uploads\/elementor\/thumbs\/acueducto-pcp-plasticos-q4te1irmufm77y1dmc75qli5z8auldfljsoox4qgw0.jpg\" title=\"aqueduct-pcp-plastics\" alt=\"aqueduct-pcp-plastics\" loading=\"lazy\" \/>\t\t\t\t\t\t\t\t<\/a>\n\t\t\t\t\t\t\t\t\t\t\t\t\t\t\t<\/div>\n\t\t\t\t<\/div>\n\t\t\t\t<\/div>\n\t\t\t\t<div class=\"elementor-element elementor-element-34c02d0 elementor-align-center elementor-widget__width-inherit btn-go-to-familia elementor-widget elementor-widget-button\" data-id=\"34c02d0\" data-element_type=\"widget\" data-e-type=\"widget\" data-widget_type=\"button.default\">\n\t\t\t\t<div class=\"elementor-widget-container\">\n\t\t\t\t\t\t\t\t\t<div class=\"elementor-button-wrapper\">\n\t\t\t\t\t<a class=\"elementor-button elementor-button-link elementor-size-sm\" href=\"https:\/\/pcpplasticos.com\/usa\/bim-library\/acueducto\/\">\n\t\t\t\t\t\t<span class=\"elementor-button-content-wrapper\">\n\t\t\t\t\t\t\t\t\t<span class=\"elementor-button-text\">Aqueduct<\/span>\n\t\t\t\t\t<\/span>\n\t\t\t\t\t<\/a>\n\t\t\t\t<\/div>\n\t\t\t\t\t\t\t\t<\/div>\n\t\t\t\t<\/div>\n\t\t\t\t<\/div>\n\t\t\t\t<\/div>\n\t\t\t\t<\/div>\n\t\t<div class=\"elementor-element elementor-element-0676179 e-con-full image-bg-transparent e-flex e-con e-child\" data-id=\"0676179\" data-element_type=\"container\" data-e-type=\"container\">\n\t\t<div class=\"elementor-element elementor-element-e7059f7 e-con-full e-flex e-con e-child\" data-id=\"e7059f7\" data-element_type=\"container\" data-e-type=\"container\">\n\t\t<div class=\"elementor-element elementor-element-0b01fbd e-con-full overflow-hidden element-familia e-flex e-con e-child\" data-id=\"0b01fbd\" data-element_type=\"container\" data-e-type=\"container\" data-settings=\"{&quot;background_background&quot;:&quot;classic&quot;}\">\n\t\t<div class=\"elementor-element elementor-element-2eb4bf8 e-con-full e-flex e-con e-child\" data-id=\"2eb4bf8\" data-element_type=\"container\" data-e-type=\"container\">\n\t\t\t\t<div class=\"elementor-element elementor-element-c5018fc elementor-widget elementor-widget-image\" data-id=\"c5018fc\" data-element_type=\"widget\" data-e-type=\"widget\" data-widget_type=\"image.default\">\n\t\t\t\t<div class=\"elementor-widget-container\">\n\t\t\t\t\t\t\t\t\t\t\t\t\t\t\t\t<a href=\"https:\/\/pcpplasticos.com\/usa\/bim-library\/check-valves\/\">\n\t\t\t\t\t\t\t<img decoding=\"async\" src=\"https:\/\/pcpplasticos.com\/wp-content\/uploads\/elementor\/thumbs\/cheques-pcp-plasticos-1-q4thdzqys0j78r1o5evsb72yv2if4tp442r17u3zeo.jpg\" title=\"checks-pcp-plastics\" alt=\"checks-pcp-plastics\" loading=\"lazy\" \/>\t\t\t\t\t\t\t\t<\/a>\n\t\t\t\t\t\t\t\t\t\t\t\t\t\t\t<\/div>\n\t\t\t\t<\/div>\n\t\t\t\t<\/div>\n\t\t\t\t<div class=\"elementor-element elementor-element-084f6bc elementor-align-center elementor-widget__width-inherit btn-go-to-familia elementor-widget elementor-widget-button\" data-id=\"084f6bc\" data-element_type=\"widget\" data-e-type=\"widget\" data-widget_type=\"button.default\">\n\t\t\t\t<div class=\"elementor-widget-container\">\n\t\t\t\t\t\t\t\t\t<div class=\"elementor-button-wrapper\">\n\t\t\t\t\t<a class=\"elementor-button elementor-button-link elementor-size-sm\" href=\"https:\/\/pcpplasticos.com\/usa\/bim-library\/check-valves\/\">\n\t\t\t\t\t\t<span class=\"elementor-button-content-wrapper\">\n\t\t\t\t\t\t\t\t\t<span class=\"elementor-button-text\">Check valves<\/span>\n\t\t\t\t\t<\/span>\n\t\t\t\t\t<\/a>\n\t\t\t\t<\/div>\n\t\t\t\t\t\t\t\t<\/div>\n\t\t\t\t<\/div>\n\t\t\t\t<\/div>\n\t\t\t\t<\/div>\n\t\t<div class=\"elementor-element elementor-element-cdc0b00 e-con-full e-flex e-con e-child\" data-id=\"cdc0b00\" data-element_type=\"container\" data-e-type=\"container\">\n\t\t<div class=\"elementor-element elementor-element-714b3f6 e-con-full overflow-hidden element-familia e-flex e-con e-child\" data-id=\"714b3f6\" data-element_type=\"container\" data-e-type=\"container\" data-settings=\"{&quot;background_background&quot;:&quot;classic&quot;}\">\n\t\t<div class=\"elementor-element elementor-element-8bec4e6 e-con-full e-flex e-con e-child\" data-id=\"8bec4e6\" data-element_type=\"container\" data-e-type=\"container\">\n\t\t\t\t<div class=\"elementor-element elementor-element-6223c13 elementor-widget elementor-widget-image\" data-id=\"6223c13\" data-element_type=\"widget\" data-e-type=\"widget\" data-widget_type=\"image.default\">\n\t\t\t\t<div class=\"elementor-widget-container\">\n\t\t\t\t\t\t\t\t\t\t\t\t\t\t\t\t<a href=\"https:\/\/pcpplasticos.com\/usa\/bim-library\/familia-jardineria\/\">\n\t\t\t\t\t\t\t<img decoding=\"async\" src=\"https:\/\/pcpplasticos.com\/wp-content\/uploads\/elementor\/thumbs\/jardineria-pcp-plasticos-2-q4thihf7fioipoitxcrm82a91cdjwriy2ayjrfg9og.jpg\" title=\"gardening-pcp-plastics\" alt=\"gardening-pcp-plastics\" loading=\"lazy\" \/>\t\t\t\t\t\t\t\t<\/a>\n\t\t\t\t\t\t\t\t\t\t\t\t\t\t\t<\/div>\n\t\t\t\t<\/div>\n\t\t\t\t<\/div>\n\t\t\t\t<div class=\"elementor-element elementor-element-309f79b elementor-align-center elementor-widget__width-inherit btn-go-to-familia elementor-widget elementor-widget-button\" data-id=\"309f79b\" data-element_type=\"widget\" data-e-type=\"widget\" data-widget_type=\"button.default\">\n\t\t\t\t<div class=\"elementor-widget-container\">\n\t\t\t\t\t\t\t\t\t<div class=\"elementor-button-wrapper\">\n\t\t\t\t\t<a class=\"elementor-button elementor-button-link elementor-size-sm\" href=\"https:\/\/pcpplasticos.com\/usa\/bim-library\/familia-jardineria\/\">\n\t\t\t\t\t\t<span class=\"elementor-button-content-wrapper\">\n\t\t\t\t\t\t\t\t\t<span class=\"elementor-button-text\">Family gardening<\/span>\n\t\t\t\t\t<\/span>\n\t\t\t\t\t<\/a>\n\t\t\t\t<\/div>\n\t\t\t\t\t\t\t\t<\/div>\n\t\t\t\t<\/div>\n\t\t\t\t<\/div>\n\t\t\t\t<\/div>\n\t\t<div class=\"elementor-element elementor-element-b31045c e-con-full e-flex e-con e-child\" data-id=\"b31045c\" data-element_type=\"container\" data-e-type=\"container\">\n\t\t<div class=\"elementor-element elementor-element-42f3858 e-con-full overflow-hidden element-familia e-flex e-con e-child\" data-id=\"42f3858\" data-element_type=\"container\" data-e-type=\"container\" data-settings=\"{&quot;background_background&quot;:&quot;classic&quot;}\">\n\t\t<div class=\"elementor-element elementor-element-e4c38c2 e-con-full e-flex e-con e-child\" data-id=\"e4c38c2\" data-element_type=\"container\" data-e-type=\"container\">\n\t\t\t\t<div class=\"elementor-element elementor-element-5dbc05f elementor-widget elementor-widget-image\" data-id=\"5dbc05f\" data-element_type=\"widget\" data-e-type=\"widget\" data-widget_type=\"image.default\">\n\t\t\t\t<div class=\"elementor-widget-container\">\n\t\t\t\t\t\t\t\t\t\t\t\t\t\t\t\t<a href=\"https:\/\/pcpplasticos.com\/usa\/bim-library\/registros\/\">\n\t\t\t\t\t\t\t<img decoding=\"async\" src=\"https:\/\/pcpplasticos.com\/wp-content\/uploads\/elementor\/thumbs\/registros-pcp-plasticos-3-q4thixegnpae71vmc1o9wg934w6sjmadsi1sx4skqo.jpg\" title=\"registers-pcp-plastics\" alt=\"registers-pcp-plastics\" loading=\"lazy\" \/>\t\t\t\t\t\t\t\t<\/a>\n\t\t\t\t\t\t\t\t\t\t\t\t\t\t\t<\/div>\n\t\t\t\t<\/div>\n\t\t\t\t<\/div>\n\t\t\t\t<div class=\"elementor-element elementor-element-1d53634 elementor-align-center elementor-widget__width-inherit btn-go-to-familia elementor-widget elementor-widget-button\" data-id=\"1d53634\" data-element_type=\"widget\" data-e-type=\"widget\" data-widget_type=\"button.default\">\n\t\t\t\t<div class=\"elementor-widget-container\">\n\t\t\t\t\t\t\t\t\t<div class=\"elementor-button-wrapper\">\n\t\t\t\t\t<a class=\"elementor-button elementor-button-link elementor-size-sm\" href=\"https:\/\/pcpplasticos.com\/usa\/bim-library\/registros\/\">\n\t\t\t\t\t\t<span class=\"elementor-button-content-wrapper\">\n\t\t\t\t\t\t\t\t\t<span class=\"elementor-button-text\">Registrations<\/span>\n\t\t\t\t\t<\/span>\n\t\t\t\t\t<\/a>\n\t\t\t\t<\/div>\n\t\t\t\t\t\t\t\t<\/div>\n\t\t\t\t<\/div>\n\t\t\t\t<\/div>\n\t\t\t\t<\/div>\n\t\t\t\t<\/div>\n\t\t\t\t\t<\/div>\n\t\t\t\t<\/div>\n\t\t\t\t<\/div>","protected":false},"excerpt":{"rendered":"<p>Esta biblioteca BIM (Modelado de informaci\u00f3n de construcci\u00f3n) nos permite optimizar los procesos de gesti\u00f3n en los datos de b\u00fasqueda respecto a nuestros productos honestos de alta calidad, reduciendo los imprevistos en obra, agilizando el tiempo durante la ejecuci\u00f3n y permitiendo la visualizaci\u00f3n de los dise\u00f1os para un mejor entendimiento del proyecto. En PCP garantizamos [&hellip;]<\/p>\n","protected":false},"author":296,"featured_media":0,"parent":0,"menu_order":0,"comment_status":"closed","ping_status":"closed","template":"elementor_header_footer","meta":{"_et_pb_use_builder":"on","_et_pb_old_content":"","_et_gb_content_width":"","content-type":"","footnotes":""},"class_list":["post-15087","page","type-page","status-publish","hentry"],"_links":{"self":[{"href":"https:\/\/pcpplasticos.com\/usa\/wp-json\/wp\/v2\/pages\/15087","targetHints":{"allow":["GET"]}}],"collection":[{"href":"https:\/\/pcpplasticos.com\/usa\/wp-json\/wp\/v2\/pages"}],"about":[{"href":"https:\/\/pcpplasticos.com\/usa\/wp-json\/wp\/v2\/types\/page"}],"author":[{"embeddable":true,"href":"https:\/\/pcpplasticos.com\/usa\/wp-json\/wp\/v2\/users\/296"}],"replies":[{"embeddable":true,"href":"https:\/\/pcpplasticos.com\/usa\/wp-json\/wp\/v2\/comments?post=15087"}],"version-history":[{"count":33,"href":"https:\/\/pcpplasticos.com\/usa\/wp-json\/wp\/v2\/pages\/15087\/revisions"}],"predecessor-version":[{"id":18957,"href":"https:\/\/pcpplasticos.com\/usa\/wp-json\/wp\/v2\/pages\/15087\/revisions\/18957"}],"wp:attachment":[{"href":"https:\/\/pcpplasticos.com\/usa\/wp-json\/wp\/v2\/media?parent=15087"}],"curies":[{"name":"wp","href":"https:\/\/api.w.org\/{rel}","templated":true}]}}