{"id":15108,"date":"2022-10-10T07:52:13","date_gmt":"2022-10-10T12:52:13","guid":{"rendered":"https:\/\/pcpplasticos.com\/?page_id=15108"},"modified":"2025-05-12T14:47:52","modified_gmt":"2025-05-12T19:47:52","slug":"ball-valves","status":"publish","type":"page","link":"https:\/\/pcpplasticos.com\/usa\/biblioteca-bim\/familia-de-valvulas\/","title":{"rendered":"Familia de V\u00e1lvulas"},"content":{"rendered":"<div data-elementor-type=\"wp-page\" data-elementor-id=\"15108\" class=\"elementor elementor-15108\" data-elementor-post-type=\"page\">\n\t\t\t\t<div class=\"elementor-element elementor-element-0b75576 e-con-full blanco-difuminado e-flex e-con e-parent\" data-id=\"0b75576\" data-element_type=\"container\" data-e-type=\"container\">\n\t\t\t\t<div class=\"elementor-element elementor-element-de5bb30 elementor-widget elementor-widget-image-carousel\" data-id=\"de5bb30\" data-element_type=\"widget\" data-e-type=\"widget\" data-settings=\"{&quot;slides_to_show&quot;:&quot;1&quot;,&quot;navigation&quot;:&quot;none&quot;,&quot;autoplay&quot;:&quot;yes&quot;,&quot;pause_on_hover&quot;:&quot;yes&quot;,&quot;pause_on_interaction&quot;:&quot;yes&quot;,&quot;autoplay_speed&quot;:5000,&quot;infinite&quot;:&quot;yes&quot;,&quot;effect&quot;:&quot;slide&quot;,&quot;speed&quot;:500}\" data-widget_type=\"image-carousel.default\">\n\t\t\t\t<div class=\"elementor-widget-container\">\n\t\t\t\t\t\t\t<div class=\"elementor-image-carousel-wrapper swiper\" role=\"region\" aria-roledescription=\"carousel\" aria-label=\"Carousel of images\" dir=\"ltr\">\n\t\t\t<div class=\"elementor-image-carousel swiper-wrapper swiper-image-stretch\" aria-live=\"off\">\n\t\t\t\t\t\t\t\t<div class=\"swiper-slide\" role=\"group\" aria-roledescription=\"slide\" aria-label=\"1 of 1\" data-no-translation-aria-label=\"\"><figure class=\"swiper-slide-inner\"><img decoding=\"async\" class=\"swiper-slide-image\" src=\"https:\/\/pcpplasticos.com\/wp-content\/uploads\/2025\/07\/banner-BIM-library-scaled.webp\" alt=\"Banner-BIM\" \/><\/figure><\/div>\t\t\t<\/div>\n\t\t\t\t\t<\/div>\n\t\t\t\t\t\t<\/div>\n\t\t\t\t<\/div>\n\t\t\t\t<\/div>\n\t\t<div class=\"elementor-element elementor-element-c4db874 e-flex e-con-boxed e-con e-parent\" data-id=\"c4db874\" data-element_type=\"container\" data-e-type=\"container\">\n\t\t\t\t\t<div class=\"e-con-inner\">\n\t\t\t\t<div class=\"elementor-element elementor-element-1e7e8e4 contenedor-breadcrumb elementor-widget elementor-widget-woocommerce-breadcrumb\" data-id=\"1e7e8e4\" data-element_type=\"widget\" data-e-type=\"widget\" data-widget_type=\"woocommerce-breadcrumb.default\">\n\t\t\t\t<div class=\"elementor-widget-container\">\n\t\t\t\t\t<nav class=\"woocommerce-breadcrumb\" aria-label=\"Breadcrumb\"><a href=\"https:\/\/pcpplasticos.com\/usa\" data-no-translation=\"\" data-trp-gettext=\"\">Home<\/a><span>Products<\/span><\/nav>\t\t\t\t<\/div>\n\t\t\t\t<\/div>\n\t\t\t\t<div class=\"elementor-element elementor-element-72648b5 elementor-widget elementor-widget-heading\" data-id=\"72648b5\" data-element_type=\"widget\" data-e-type=\"widget\" data-widget_type=\"heading.default\">\n\t\t\t\t<div class=\"elementor-widget-container\">\n\t\t\t\t\t<h1 class=\"elementor-heading-title elementor-size-default\">Familia de V\u00e1lvulas (Modelado de informaci\u00f3n de construcci\u00f3n)<\/h1>\t\t\t\t<\/div>\n\t\t\t\t<\/div>\n\t\t\t\t\t<\/div>\n\t\t\t\t<\/div>\n\t\t<div class=\"elementor-element elementor-element-290eced e-flex e-con-boxed e-con e-parent\" data-id=\"290eced\" data-element_type=\"container\" data-e-type=\"container\">\n\t\t\t\t\t<div class=\"e-con-inner\">\n\t\t\t\t<div class=\"elementor-element elementor-element-2b945f7 elementor-widget__width-initial elementor-widget elementor-widget-text-editor\" data-id=\"2b945f7\" data-element_type=\"widget\" data-e-type=\"widget\" data-widget_type=\"text-editor.default\">\n\t\t\t\t<div class=\"elementor-widget-container\">\n\t\t\t\t\t\t\t\t\t<div class=\"\"><div class=\"et_pb_module et_pb_text et_pb_text_0 et_pb_text_align_left et_pb_bg_layout_light\"><div class=\"et_pb_text_inner\"><p><a href=\"https:\/\/pcpplasticos.com\/wp-content\/uploads\/2023\/04\/CPVC.rfa\" target=\"_blank\" rel=\"noopener noreferrer\"><img decoding=\"async\" class=\"wp-image-15486 alignnone size-full\" src=\"https:\/\/pcpplasticos.com\/wp-content\/uploads\/2023\/03\/LOGO-REVIT.png\" sizes=\"(max-width: 33px) 100vw, 33px\" srcset=\"https:\/\/pcpplasticos.com\/wp-content\/uploads\/2023\/03\/LOGO-REVIT.png 256w, https:\/\/pcpplasticos.com\/wp-content\/uploads\/2023\/03\/LOGO-REVIT-150x150.png 150w, https:\/\/pcpplasticos.com\/wp-content\/uploads\/2023\/03\/LOGO-REVIT-100x100.png 100w\" alt=\"\" width=\"33\" height=\"33\" \/>\u00a0 V\u00e1lvula CPVC<\/a><\/p><\/div><\/div><p><!-- .et_pb_text --><\/p><div class=\"et_pb_module et_pb_text et_pb_text_1 et_pb_text_align_left et_pb_bg_layout_light\"><div class=\"et_pb_text_inner\"><p><a href=\"https:\/\/pcpplasticos.com\/wp-content\/uploads\/2023\/04\/VALVULA%20LIVIANA%20ROSCAR.rfa\" target=\"_blank\" rel=\"noopener noreferrer\"><img decoding=\"async\" class=\"wp-image-15486 alignnone size-full\" src=\"https:\/\/pcpplasticos.com\/wp-content\/uploads\/2023\/03\/LOGO-REVIT.png\" sizes=\"(max-width: 33px) 100vw, 33px\" srcset=\"https:\/\/pcpplasticos.com\/wp-content\/uploads\/2023\/03\/LOGO-REVIT.png 256w, https:\/\/pcpplasticos.com\/wp-content\/uploads\/2023\/03\/LOGO-REVIT-150x150.png 150w, https:\/\/pcpplasticos.com\/wp-content\/uploads\/2023\/03\/LOGO-REVIT-100x100.png 100w\" alt=\"\" width=\"33\" height=\"33\" \/>\u00a0\u00a0V\u00e1lvula liviana roscar<\/a><\/p><\/div><\/div><p><!-- .et_pb_text --><\/p><div class=\"et_pb_module et_pb_text et_pb_text_2 et_pb_text_align_left et_pb_bg_layout_light\"><div class=\"et_pb_text_inner\"><p><a href=\"https:\/\/pcpplasticos.com\/wp-content\/uploads\/2023\/04\/VALVULA%20LIVIANA%20SOLDAR.rfa\" target=\"_blank\" rel=\"noopener noreferrer\"> <img decoding=\"async\" class=\"wp-image-15486 alignnone size-full\" src=\"https:\/\/pcpplasticos.com\/wp-content\/uploads\/2023\/03\/LOGO-REVIT.png\" sizes=\"(max-width: 33px) 100vw, 33px\" srcset=\"https:\/\/pcpplasticos.com\/wp-content\/uploads\/2023\/03\/LOGO-REVIT.png 256w, https:\/\/pcpplasticos.com\/wp-content\/uploads\/2023\/03\/LOGO-REVIT-150x150.png 150w, https:\/\/pcpplasticos.com\/wp-content\/uploads\/2023\/03\/LOGO-REVIT-100x100.png 100w\" alt=\"\" width=\"33\" height=\"33\" \/>\u00a0V\u00e1lvula liviana soldar<\/a><\/p><\/div><\/div><p><!-- .et_pb_text --><\/p><div class=\"et_pb_module et_pb_text et_pb_text_3 et_pb_text_align_left et_pb_bg_layout_light\"><div class=\"et_pb_text_inner\"><p><a href=\"https:\/\/pcpplasticos.com\/wp-content\/uploads\/2023\/04\/VALVULA%20MONO%20RADIAL%20DE%202.rfa\" target=\"_blank\" rel=\"noopener noreferrer\">\u00a0<img decoding=\"async\" class=\"wp-image-15486 alignnone size-full\" src=\"https:\/\/pcpplasticos.com\/wp-content\/uploads\/2023\/03\/LOGO-REVIT.png\" sizes=\"(max-width: 33px) 100vw, 33px\" srcset=\"https:\/\/pcpplasticos.com\/wp-content\/uploads\/2023\/03\/LOGO-REVIT.png 256w, https:\/\/pcpplasticos.com\/wp-content\/uploads\/2023\/03\/LOGO-REVIT-150x150.png 150w, https:\/\/pcpplasticos.com\/wp-content\/uploads\/2023\/03\/LOGO-REVIT-100x100.png 100w\" alt=\"\" width=\"33\" height=\"33\" \/>\u00a0V\u00e1lvula mono radial<\/a><\/p><\/div><\/div><p><!-- .et_pb_text --><\/p><div class=\"et_pb_module et_pb_text et_pb_text_4 et_pb_text_align_left et_pb_bg_layout_light\"><div class=\"et_pb_text_inner\"><p><a href=\"https:\/\/pcpplasticos.com\/wp-content\/uploads\/2023\/04\/VALVULA%20ULTRA%20PESADA.rfa\" target=\"_blank\" rel=\"noopener noreferrer\"><img decoding=\"async\" class=\"wp-image-15486 alignnone size-full\" src=\"https:\/\/pcpplasticos.com\/wp-content\/uploads\/2023\/03\/LOGO-REVIT.png\" sizes=\"(max-width: 33px) 100vw, 33px\" srcset=\"https:\/\/pcpplasticos.com\/wp-content\/uploads\/2023\/03\/LOGO-REVIT.png 256w, https:\/\/pcpplasticos.com\/wp-content\/uploads\/2023\/03\/LOGO-REVIT-150x150.png 150w, https:\/\/pcpplasticos.com\/wp-content\/uploads\/2023\/03\/LOGO-REVIT-100x100.png 100w\" alt=\"\" width=\"33\" height=\"33\" \/>\u00a0V\u00e1lvula ultra pesada<\/a><\/p><\/div><\/div><p><!-- .et_pb_text --><\/p><div class=\"et_pb_module et_pb_text et_pb_text_5 et_pb_text_align_left et_pb_bg_layout_light\"><div class=\"et_pb_text_inner\"><p><a href=\"https:\/\/pcpplasticos.com\/wp-content\/uploads\/2023\/04\/VALVULADA%20PESADA.rfa\" target=\"_blank\" rel=\"noopener noreferrer\"><img decoding=\"async\" class=\"wp-image-15486 alignnone size-full\" src=\"https:\/\/pcpplasticos.com\/wp-content\/uploads\/2023\/03\/LOGO-REVIT.png\" sizes=\"(max-width: 33px) 100vw, 33px\" srcset=\"https:\/\/pcpplasticos.com\/wp-content\/uploads\/2023\/03\/LOGO-REVIT.png 256w, https:\/\/pcpplasticos.com\/wp-content\/uploads\/2023\/03\/LOGO-REVIT-150x150.png 150w, https:\/\/pcpplasticos.com\/wp-content\/uploads\/2023\/03\/LOGO-REVIT-100x100.png 100w\" alt=\"\" width=\"33\" height=\"33\" \/>\u00a0V\u00e1lvula pesada<\/a><\/p><\/div><\/div><p><!-- .et_pb_text --><\/p><div class=\"et_pb_module et_pb_text et_pb_text_6 et_pb_text_align_left et_pb_bg_layout_light\"><div class=\"et_pb_text_inner\"><p><a href=\"https:\/\/pcpplasticos.com\/wp-content\/uploads\/2023\/04\/V%C3%81LVULAS%20DE%20BOLA%20RADIAL%20ROSCAR.rfa\" target=\"_blank\" rel=\"noopener noreferrer\"><img decoding=\"async\" class=\"wp-image-15486 alignnone size-full\" src=\"https:\/\/pcpplasticos.com\/wp-content\/uploads\/2023\/03\/LOGO-REVIT.png\" sizes=\"(max-width: 33px) 100vw, 33px\" srcset=\"https:\/\/pcpplasticos.com\/wp-content\/uploads\/2023\/03\/LOGO-REVIT.png 256w, https:\/\/pcpplasticos.com\/wp-content\/uploads\/2023\/03\/LOGO-REVIT-150x150.png 150w, https:\/\/pcpplasticos.com\/wp-content\/uploads\/2023\/03\/LOGO-REVIT-100x100.png 100w\" alt=\"\" width=\"33\" height=\"33\" \/>\u00a0V\u00e1lvula de bola radial roscar<\/a><\/p><\/div><\/div><p><!-- .et_pb_text --><\/p><div class=\"et_pb_module et_pb_text et_pb_text_7 et_pb_text_align_left et_pb_bg_layout_light\"><div class=\"et_pb_text_inner\"><p><a href=\"https:\/\/pcpplasticos.com\/wp-content\/uploads\/2023\/04\/V%C3%81LVULAS%20DE%20BOLA%20RADIAL%20SOLDAR.rfa\" target=\"_blank\" rel=\"noopener noreferrer\"><img decoding=\"async\" class=\"wp-image-15486 alignnone size-full\" src=\"https:\/\/pcpplasticos.com\/wp-content\/uploads\/2023\/03\/LOGO-REVIT.png\" sizes=\"(max-width: 33px) 100vw, 33px\" srcset=\"https:\/\/pcpplasticos.com\/wp-content\/uploads\/2023\/03\/LOGO-REVIT.png 256w, https:\/\/pcpplasticos.com\/wp-content\/uploads\/2023\/03\/LOGO-REVIT-150x150.png 150w, https:\/\/pcpplasticos.com\/wp-content\/uploads\/2023\/03\/LOGO-REVIT-100x100.png 100w\" alt=\"\" width=\"33\" height=\"33\" \/>\u00a0V\u00e1lvula de bola radial soldar<\/a><\/p><p>\u00a0<\/p><\/div><\/div><p><!-- .et_pb_text --><\/p><div class=\"et_pb_button_module_wrapper et_pb_button_0_wrapper et_pb_button_alignment_center et_pb_module\"><a class=\"et_pb_button et_pb_button_0 et_pb_bg_layout_light\" href=\"https:\/\/pcpplasticos.com\/usa\/bim-library\/\">Volver al inicio<\/a><\/div><\/div>\t\t\t\t\t\t\t\t<\/div>\n\t\t\t\t<\/div>\n\t\t\t\t\t<\/div>\n\t\t\t\t<\/div>\n\t\t\t\t<\/div>","protected":false},"excerpt":{"rendered":"<p>\u00a0 V\u00e1lvula CPVC \u00a0\u00a0V\u00e1lvula liviana roscar \u00a0V\u00e1lvula liviana soldar \u00a0\u00a0V\u00e1lvula mono radial \u00a0V\u00e1lvula ultra pesada \u00a0V\u00e1lvula pesada \u00a0V\u00e1lvula de bola radial roscar \u00a0V\u00e1lvula de bola radial soldar \u00a0 Volver al inicio<\/p>","protected":false},"author":296,"featured_media":0,"parent":15087,"menu_order":0,"comment_status":"closed","ping_status":"closed","template":"","meta":{"_et_pb_use_builder":"on","_et_pb_old_content":"","_et_gb_content_width":"","content-type":"","footnotes":""},"class_list":["post-15108","page","type-page","status-publish","hentry"],"_links":{"self":[{"href":"https:\/\/pcpplasticos.com\/usa\/wp-json\/wp\/v2\/pages\/15108","targetHints":{"allow":["GET"]}}],"collection":[{"href":"https:\/\/pcpplasticos.com\/usa\/wp-json\/wp\/v2\/pages"}],"about":[{"href":"https:\/\/pcpplasticos.com\/usa\/wp-json\/wp\/v2\/types\/page"}],"author":[{"embeddable":true,"href":"https:\/\/pcpplasticos.com\/usa\/wp-json\/wp\/v2\/users\/296"}],"replies":[{"embeddable":true,"href":"https:\/\/pcpplasticos.com\/usa\/wp-json\/wp\/v2\/comments?post=15108"}],"version-history":[{"count":35,"href":"https:\/\/pcpplasticos.com\/usa\/wp-json\/wp\/v2\/pages\/15108\/revisions"}],"predecessor-version":[{"id":21095,"href":"https:\/\/pcpplasticos.com\/usa\/wp-json\/wp\/v2\/pages\/15108\/revisions\/21095"}],"up":[{"embeddable":true,"href":"https:\/\/pcpplasticos.com\/usa\/wp-json\/wp\/v2\/pages\/15087"}],"wp:attachment":[{"href":"https:\/\/pcpplasticos.com\/usa\/wp-json\/wp\/v2\/media?parent=15108"}],"curies":[{"name":"wp","href":"https:\/\/api.w.org\/{rel}","templated":true}]}}