{"id":157,"date":"2018-01-25T13:51:43","date_gmt":"2018-01-25T13:51:43","guid":{"rendered":"http:\/\/pcp.centroexcentrico.com\/?page_id=157"},"modified":"2025-07-01T12:16:00","modified_gmt":"2025-07-01T17:16:00","slug":"hardware-dealers-and-users","status":"publish","type":"page","link":"https:\/\/pcpplasticos.com\/usa\/ferreteros-y-usuarios\/","title":{"rendered":"Ironmongers and Users"},"content":{"rendered":"<div data-elementor-type=\"wp-page\" data-elementor-id=\"157\" class=\"elementor elementor-157\" data-elementor-post-type=\"page\">\n\t\t\t\t<div class=\"elementor-element elementor-element-592bde4 e-flex e-con-boxed e-con e-parent\" data-id=\"592bde4\" data-element_type=\"container\" data-e-type=\"container\">\n\t\t\t\t\t<div class=\"e-con-inner\">\n\t\t<div class=\"elementor-element elementor-element-8421d56 e-con-full e-flex e-con e-child\" data-id=\"8421d56\" data-element_type=\"container\" data-e-type=\"container\">\n\t\t\t\t<div class=\"elementor-element elementor-element-3a9ee23 elementor-widget elementor-widget-image\" data-id=\"3a9ee23\" data-element_type=\"widget\" data-e-type=\"widget\" data-widget_type=\"image.default\">\n\t\t\t\t<div class=\"elementor-widget-container\">\n\t\t\t\t\t\t\t\t\t\t\t\t\t\t\t<img fetchpriority=\"high\" decoding=\"async\" width=\"800\" height=\"800\" src=\"https:\/\/pcpplasticos.com\/wp-content\/uploads\/2023\/10\/ferreteros-banner.png\" class=\"attachment-full size-full wp-image-16068\" alt=\"\" srcset=\"https:\/\/pcpplasticos.com\/wp-content\/uploads\/2023\/10\/ferreteros-banner.png 800w, https:\/\/pcpplasticos.com\/wp-content\/uploads\/2023\/10\/ferreteros-banner-480x480.png 480w\" sizes=\"(min-width: 0px) and (max-width: 480px) 480px, (min-width: 481px) 800px, 100vw\" \/>\t\t\t\t\t\t\t\t\t\t\t\t\t\t\t<\/div>\n\t\t\t\t<\/div>\n\t\t\t\t<div class=\"elementor-element elementor-element-34d8358 elementor-widget__width-inherit elementor-absolute elementor-widget elementor-widget-heading\" data-id=\"34d8358\" data-element_type=\"widget\" data-e-type=\"widget\" data-settings=\"{&quot;_position&quot;:&quot;absolute&quot;}\" data-widget_type=\"heading.default\">\n\t\t\t\t<div class=\"elementor-widget-container\">\n\t\t\t\t\t<h2 class=\"elementor-heading-title elementor-size-default\">Hardware<\/h2>\t\t\t\t<\/div>\n\t\t\t\t<\/div>\n\t\t\t\t<div class=\"elementor-element elementor-element-79763eb elementor-absolute elementor-widget elementor-widget-button\" data-id=\"79763eb\" data-element_type=\"widget\" data-e-type=\"widget\" data-settings=\"{&quot;_position&quot;:&quot;absolute&quot;}\" data-widget_type=\"button.default\">\n\t\t\t\t<div class=\"elementor-widget-container\">\n\t\t\t\t\t\t\t\t\t<div class=\"elementor-button-wrapper\">\n\t\t\t\t\t<a class=\"elementor-button elementor-button-link elementor-size-sm\" href=\"https:\/\/pcpplasticos.com\/usa\/hardware-registration-form\/\">\n\t\t\t\t\t\t<span class=\"elementor-button-content-wrapper\">\n\t\t\t\t\t\t\t\t\t<span class=\"elementor-button-text\">Register here<\/span>\n\t\t\t\t\t<\/span>\n\t\t\t\t\t<\/a>\n\t\t\t\t<\/div>\n\t\t\t\t\t\t\t\t<\/div>\n\t\t\t\t<\/div>\n\t\t<div class=\"elementor-element elementor-element-9e8276f e-con-full e-flex e-con e-child\" data-id=\"9e8276f\" data-element_type=\"container\" data-e-type=\"container\">\n\t\t\t\t<div class=\"elementor-element elementor-element-2fef88e elementor-widget elementor-widget-heading\" data-id=\"2fef88e\" data-element_type=\"widget\" data-e-type=\"widget\" data-widget_type=\"heading.default\">\n\t\t\t\t<div class=\"elementor-widget-container\">\n\t\t\t\t\t<h2 class=\"elementor-heading-title elementor-size-default\">Registration<\/h2>\t\t\t\t<\/div>\n\t\t\t\t<\/div>\n\t\t\t\t<div class=\"elementor-element elementor-element-07742d6 elementor-widget elementor-widget-text-editor\" data-id=\"07742d6\" data-element_type=\"widget\" data-e-type=\"widget\" data-widget_type=\"text-editor.default\">\n\t\t\t\t<div class=\"elementor-widget-container\">\n\t\t\t\t\t\t\t\t\t<p>Friends and friends, register here and get benefits! Make your transfer orders much easier.<\/p>\t\t\t\t\t\t\t\t<\/div>\n\t\t\t\t<\/div>\n\t\t\t\t<\/div>\n\t\t\t\t<\/div>\n\t\t<div class=\"elementor-element elementor-element-9576b90 e-con-full e-flex e-con e-child\" data-id=\"9576b90\" data-element_type=\"container\" data-e-type=\"container\">\n\t\t\t\t<div class=\"elementor-element elementor-element-6ee667c elementor-widget elementor-widget-image\" data-id=\"6ee667c\" data-element_type=\"widget\" data-e-type=\"widget\" data-widget_type=\"image.default\">\n\t\t\t\t<div class=\"elementor-widget-container\">\n\t\t\t\t\t\t\t\t\t\t\t\t\t\t\t<img decoding=\"async\" width=\"800\" height=\"800\" src=\"https:\/\/pcpplasticos.com\/wp-content\/uploads\/2018\/08\/USUARIOS.jpg\" class=\"attachment-full size-full wp-image-4751\" alt=\"\" srcset=\"https:\/\/pcpplasticos.com\/wp-content\/uploads\/2018\/08\/USUARIOS.jpg 800w, https:\/\/pcpplasticos.com\/wp-content\/uploads\/2018\/08\/USUARIOS-400x400.jpg 400w, https:\/\/pcpplasticos.com\/wp-content\/uploads\/2018\/08\/USUARIOS-100x100.jpg 100w, https:\/\/pcpplasticos.com\/wp-content\/uploads\/2018\/08\/USUARIOS-500x500.jpg 500w, https:\/\/pcpplasticos.com\/wp-content\/uploads\/2018\/08\/USUARIOS-150x150.jpg 150w, https:\/\/pcpplasticos.com\/wp-content\/uploads\/2018\/08\/USUARIOS-300x300.jpg 300w, https:\/\/pcpplasticos.com\/wp-content\/uploads\/2018\/08\/USUARIOS-768x768.jpg 768w, https:\/\/pcpplasticos.com\/wp-content\/uploads\/2018\/08\/USUARIOS-24x24.jpg 24w, https:\/\/pcpplasticos.com\/wp-content\/uploads\/2018\/08\/USUARIOS-36x36.jpg 36w, https:\/\/pcpplasticos.com\/wp-content\/uploads\/2018\/08\/USUARIOS-48x48.jpg 48w\" sizes=\"(max-width: 800px) 100vw, 800px\" \/>\t\t\t\t\t\t\t\t\t\t\t\t\t\t\t<\/div>\n\t\t\t\t<\/div>\n\t\t\t\t<div class=\"elementor-element elementor-element-1417b7d elementor-widget__width-inherit elementor-absolute elementor-widget elementor-widget-heading\" data-id=\"1417b7d\" data-element_type=\"widget\" data-e-type=\"widget\" data-settings=\"{&quot;_position&quot;:&quot;absolute&quot;}\" data-widget_type=\"heading.default\">\n\t\t\t\t<div class=\"elementor-widget-container\">\n\t\t\t\t\t<h2 class=\"elementor-heading-title elementor-size-default\">Users<\/h2>\t\t\t\t<\/div>\n\t\t\t\t<\/div>\n\t\t\t\t<div class=\"elementor-element elementor-element-5fbe104 elementor-absolute elementor-widget elementor-widget-button\" data-id=\"5fbe104\" data-element_type=\"widget\" data-e-type=\"widget\" data-settings=\"{&quot;_position&quot;:&quot;absolute&quot;}\" data-widget_type=\"button.default\">\n\t\t\t\t<div class=\"elementor-widget-container\">\n\t\t\t\t\t\t\t\t\t<div class=\"elementor-button-wrapper\">\n\t\t\t\t\t<a class=\"elementor-button elementor-button-link elementor-size-sm\" href=\"https:\/\/pcpplasticos.com\/usa\/formulario-de-registro-usuarios\/\">\n\t\t\t\t\t\t<span class=\"elementor-button-content-wrapper\">\n\t\t\t\t\t\t\t\t\t<span class=\"elementor-button-text\">Subscribe here<\/span>\n\t\t\t\t\t<\/span>\n\t\t\t\t\t<\/a>\n\t\t\t\t<\/div>\n\t\t\t\t\t\t\t\t<\/div>\n\t\t\t\t<\/div>\n\t\t<div class=\"elementor-element elementor-element-3f119d8 e-con-full e-flex e-con e-child\" data-id=\"3f119d8\" data-element_type=\"container\" data-e-type=\"container\">\n\t\t\t\t<div class=\"elementor-element elementor-element-7c480a8 elementor-widget elementor-widget-heading\" data-id=\"7c480a8\" data-element_type=\"widget\" data-e-type=\"widget\" data-widget_type=\"heading.default\">\n\t\t\t\t<div class=\"elementor-widget-container\">\n\t\t\t\t\t<h2 class=\"elementor-heading-title elementor-size-default\">Subscription<\/h2>\t\t\t\t<\/div>\n\t\t\t\t<\/div>\n\t\t\t\t<div class=\"elementor-element elementor-element-6657ca4 elementor-widget elementor-widget-text-editor\" data-id=\"6657ca4\" data-element_type=\"widget\" data-e-type=\"widget\" data-widget_type=\"text-editor.default\">\n\t\t\t\t<div class=\"elementor-widget-container\">\n\t\t\t\t\t\t\t\t\tIf you want to receive exclusive information about products, newsletters and much more... Subscribe here!\t\t\t\t\t\t\t\t<\/div>\n\t\t\t\t<\/div>\n\t\t\t\t<\/div>\n\t\t\t\t<\/div>\n\t\t\t\t\t<\/div>\n\t\t\t\t<\/div>\n\t\t\t\t<\/div>","protected":false},"excerpt":{"rendered":"<p>Ferretero Registrese aqu\u00ed Registro \u00a1Amiga y amigo ferretero, registrese aqu\u00ed y\u00a0obtenga beneficios! realice sus pedidos de transferencia mucho m\u00e1s facil. Usuarios Suscr\u00edbase aqu\u00ed Suscripci\u00f3n \u00a1Si desea recibir informaci\u00f3n exclusiva sobre productos, boletines y muchas cosas m\u00e1s&#8230; Suscr\u00edbase\u00a0aqu\u00ed!<\/p>","protected":false},"author":296,"featured_media":0,"parent":0,"menu_order":0,"comment_status":"closed","ping_status":"closed","template":"","meta":{"_et_pb_use_builder":"on","_et_pb_old_content":"","_et_gb_content_width":"","content-type":"","footnotes":""},"class_list":["post-157","page","type-page","status-publish","hentry"],"_links":{"self":[{"href":"https:\/\/pcpplasticos.com\/usa\/wp-json\/wp\/v2\/pages\/157","targetHints":{"allow":["GET"]}}],"collection":[{"href":"https:\/\/pcpplasticos.com\/usa\/wp-json\/wp\/v2\/pages"}],"about":[{"href":"https:\/\/pcpplasticos.com\/usa\/wp-json\/wp\/v2\/types\/page"}],"author":[{"embeddable":true,"href":"https:\/\/pcpplasticos.com\/usa\/wp-json\/wp\/v2\/users\/296"}],"replies":[{"embeddable":true,"href":"https:\/\/pcpplasticos.com\/usa\/wp-json\/wp\/v2\/comments?post=157"}],"version-history":[{"count":70,"href":"https:\/\/pcpplasticos.com\/usa\/wp-json\/wp\/v2\/pages\/157\/revisions"}],"predecessor-version":[{"id":20180,"href":"https:\/\/pcpplasticos.com\/usa\/wp-json\/wp\/v2\/pages\/157\/revisions\/20180"}],"wp:attachment":[{"href":"https:\/\/pcpplasticos.com\/usa\/wp-json\/wp\/v2\/media?parent=157"}],"curies":[{"name":"wp","href":"https:\/\/api.w.org\/{rel}","templated":true}]}}