{"id":17155,"date":"2024-09-12T11:00:15","date_gmt":"2024-09-12T16:00:15","guid":{"rendered":"https:\/\/pcpplasticos.com\/?page_id=17155"},"modified":"2024-09-12T11:04:04","modified_gmt":"2024-09-12T16:04:04","slug":"respuesta-transparencia","status":"publish","type":"page","link":"https:\/\/pcpplasticos.com\/usa\/respuesta-transparencia\/","title":{"rendered":"Respuesta transparencia"},"content":{"rendered":"<p>[et_pb_section fb_built=&#8221;1&#8243; _builder_version=&#8221;4.4.9&#8243; da_is_popup=&#8221;off&#8221; da_exit_intent=&#8221;off&#8221; da_has_close=&#8221;on&#8221; da_alt_close=&#8221;off&#8221; da_dark_close=&#8221;off&#8221; da_not_modal=&#8221;on&#8221; da_is_singular=&#8221;off&#8221; da_with_loader=&#8221;off&#8221; da_has_shadow=&#8221;on&#8221; da_disable_devices=&#8221;off|off|off&#8221;][et_pb_row _builder_version=&#8221;4.4.9&#8243;][et_pb_column _builder_version=&#8221;4.4.9&#8243; type=&#8221;4_4&#8243;][et_pb_text _builder_version=&#8221;4.4.9&#8243; text_font=&#8221;Poppins||||||||&#8221; hover_enabled=&#8221;0&#8243;]<\/p>\n<p><span style=\"font-weight: 400;\">Gracias por utilizar el Canal de Denuncias de Partes y Complementos Pl\u00e1sticos \u2013 PCP. Queremos confirmar que hemos recibido tu denuncia con \u00e9xito, en PCP valoramos tu valent\u00eda y compromiso al reportar este incidente. Queremos asegurarte que tu denuncia ser\u00e1 tratada con la m\u00e1xima confidencialidad y seriedad. Nuestro equipo de cumplimiento ha iniciado una investigaci\u00f3n rigurosa y te mantendremos informado\/a sobre el progreso y las acciones tomadas, en la medida de lo posible.<\/span><\/p>\n<p><span style=\"font-weight: 400;\">Tu seguridad y bienestar son nuestra prioridad. Si tienes alguna pregunta adicional o necesitas proporcionar informaci\u00f3n adicional, no dudes en ponerte en contacto con nosotros a trav\u00e9s del correo <\/span><a href=\"mailto:oficialdecumplimiento@pcpideasquefluyen.com\"><span style=\"font-weight: 400;\">oficialdecumplimiento@pcpideasquefluyen.com<\/span><\/a><\/p>\n<p><span style=\"font-weight: 400;\">Agradecemos nuevamente tu confianza en nuestro sistema y tu contribuci\u00f3n a mantener un ambiente de trabajo seguro y respetuoso.<\/span><\/p>\n<p>[\/et_pb_text][\/et_pb_column][\/et_pb_row][\/et_pb_section]<\/p>\n","protected":false},"excerpt":{"rendered":"<p>[et_pb_section fb_built=&#8221;1&#8243; _builder_version=&#8221;4.4.9&#8243; da_is_popup=&#8221;off&#8221; da_exit_intent=&#8221;off&#8221; da_has_close=&#8221;on&#8221; da_alt_close=&#8221;off&#8221; da_dark_close=&#8221;off&#8221; da_not_modal=&#8221;on&#8221; da_is_singular=&#8221;off&#8221; da_with_loader=&#8221;off&#8221; da_has_shadow=&#8221;on&#8221; da_disable_devices=&#8221;off|off|off&#8221;][et_pb_row _builder_version=&#8221;4.4.9&#8243;][et_pb_column _builder_version=&#8221;4.4.9&#8243; type=&#8221;4_4&#8243;][et_pb_text _builder_version=&#8221;4.4.9&#8243; text_font=&#8221;Poppins||||||||&#8221; hover_enabled=&#8221;0&#8243;] Gracias por utilizar el Canal de Denuncias de Partes y Complementos Pl\u00e1sticos \u2013 PCP. Queremos confirmar que hemos recibido tu denuncia con \u00e9xito, en PCP valoramos tu valent\u00eda y compromiso al reportar este incidente. Queremos asegurarte [&hellip;]<\/p>\n","protected":false},"author":451,"featured_media":0,"parent":0,"menu_order":0,"comment_status":"closed","ping_status":"closed","template":"","meta":{"_et_pb_use_builder":"on","_et_pb_old_content":"","_et_gb_content_width":"","content-type":"","footnotes":""},"class_list":["post-17155","page","type-page","status-publish","hentry"],"_links":{"self":[{"href":"https:\/\/pcpplasticos.com\/usa\/wp-json\/wp\/v2\/pages\/17155","targetHints":{"allow":["GET"]}}],"collection":[{"href":"https:\/\/pcpplasticos.com\/usa\/wp-json\/wp\/v2\/pages"}],"about":[{"href":"https:\/\/pcpplasticos.com\/usa\/wp-json\/wp\/v2\/types\/page"}],"author":[{"embeddable":true,"href":"https:\/\/pcpplasticos.com\/usa\/wp-json\/wp\/v2\/users\/451"}],"replies":[{"embeddable":true,"href":"https:\/\/pcpplasticos.com\/usa\/wp-json\/wp\/v2\/comments?post=17155"}],"version-history":[{"count":3,"href":"https:\/\/pcpplasticos.com\/usa\/wp-json\/wp\/v2\/pages\/17155\/revisions"}],"predecessor-version":[{"id":17158,"href":"https:\/\/pcpplasticos.com\/usa\/wp-json\/wp\/v2\/pages\/17155\/revisions\/17158"}],"wp:attachment":[{"href":"https:\/\/pcpplasticos.com\/usa\/wp-json\/wp\/v2\/media?parent=17155"}],"curies":[{"name":"wp","href":"https:\/\/api.w.org\/{rel}","templated":true}]}}