{"id":18035,"date":"2025-03-27T15:35:10","date_gmt":"2025-03-27T20:35:10","guid":{"rendered":"https:\/\/pcpplasticos.com\/?page_id=18035"},"modified":"2025-07-04T16:03:06","modified_gmt":"2025-07-04T21:03:06","slug":"social-responsibility","status":"publish","type":"page","link":"https:\/\/pcpplasticos.com\/usa\/responsabilidad-social\/","title":{"rendered":"Social Responsibility"},"content":{"rendered":"<div data-elementor-type=\"wp-page\" data-elementor-id=\"18035\" class=\"elementor elementor-18035\" data-elementor-post-type=\"page\">\n\t\t\t\t<div class=\"elementor-element elementor-element-618ea621 e-con-full e-flex e-con e-parent\" data-id=\"618ea621\" data-element_type=\"container\" data-e-type=\"container\">\n\t\t\t\t<div class=\"elementor-element elementor-element-253a60f4 elementor-widget elementor-widget-image-carousel\" data-id=\"253a60f4\" data-element_type=\"widget\" data-e-type=\"widget\" data-settings=\"{&quot;slides_to_show&quot;:&quot;1&quot;,&quot;navigation&quot;:&quot;none&quot;,&quot;autoplay&quot;:&quot;yes&quot;,&quot;pause_on_hover&quot;:&quot;yes&quot;,&quot;pause_on_interaction&quot;:&quot;yes&quot;,&quot;autoplay_speed&quot;:5000,&quot;infinite&quot;:&quot;yes&quot;,&quot;effect&quot;:&quot;slide&quot;,&quot;speed&quot;:500}\" data-widget_type=\"image-carousel.default\">\n\t\t\t\t<div class=\"elementor-widget-container\">\n\t\t\t\t\t\t\t<div class=\"elementor-image-carousel-wrapper swiper\" role=\"region\" aria-roledescription=\"carousel\" aria-label=\"Carousel of images\" dir=\"ltr\">\n\t\t\t<div class=\"elementor-image-carousel swiper-wrapper swiper-image-stretch\" aria-live=\"off\">\n\t\t\t\t\t\t\t\t<div class=\"swiper-slide\" role=\"group\" aria-roledescription=\"slide\" aria-label=\"1 of 1\"><figure class=\"swiper-slide-inner\"><img decoding=\"async\" class=\"swiper-slide-image\" src=\"https:\/\/pcpplasticos.com\/wp-content\/uploads\/2025\/03\/responsabilidad-social.webp\" alt=\"social-responsibility\" \/><\/figure><\/div>\t\t\t<\/div>\n\t\t\t\t\t<\/div>\n\t\t\t\t\t\t<\/div>\n\t\t\t\t<\/div>\n\t\t\t\t<\/div>\n\t\t<div class=\"elementor-element elementor-element-6262f490 e-flex e-con-boxed e-con e-parent\" data-id=\"6262f490\" data-element_type=\"container\" data-e-type=\"container\">\n\t\t\t\t\t<div class=\"e-con-inner\">\n\t\t\t\t<div class=\"elementor-element elementor-element-6139c28b contenedor-breadcrumb elementor-widget elementor-widget-woocommerce-breadcrumb\" data-id=\"6139c28b\" data-element_type=\"widget\" data-e-type=\"widget\" data-widget_type=\"woocommerce-breadcrumb.default\">\n\t\t\t\t<div class=\"elementor-widget-container\">\n\t\t\t\t\t<nav class=\"woocommerce-breadcrumb\" aria-label=\"Breadcrumb\"><a href=\"https:\/\/pcpplasticos.com\/usa\" data-no-translation=\"\" data-trp-gettext=\"\">Home<\/a><span>Products<\/span><\/nav>\t\t\t\t<\/div>\n\t\t\t\t<\/div>\n\t\t\t\t<div class=\"elementor-element elementor-element-686e99e4 elementor-widget elementor-widget-heading\" data-id=\"686e99e4\" data-element_type=\"widget\" data-e-type=\"widget\" data-widget_type=\"heading.default\">\n\t\t\t\t<div class=\"elementor-widget-container\">\n\t\t\t\t\t<h1 class=\"elementor-heading-title elementor-size-default\">Social Responsibility<\/h1>\t\t\t\t<\/div>\n\t\t\t\t<\/div>\n\t\t\t\t\t<\/div>\n\t\t\t\t<\/div>\n\t\t<div class=\"elementor-element elementor-element-2b3a33c e-flex e-con-boxed e-con e-parent\" data-id=\"2b3a33c\" data-element_type=\"container\" data-e-type=\"container\">\n\t\t\t\t\t<div class=\"e-con-inner\">\n\t\t<div class=\"elementor-element elementor-element-6cc2249 e-con-full item-responsabilidad-social e-flex e-con e-child\" data-id=\"6cc2249\" data-element_type=\"container\" data-e-type=\"container\" data-settings=\"{&quot;background_background&quot;:&quot;classic&quot;}\">\n\t\t\t\t<div class=\"elementor-element elementor-element-4c9c9b2 elementor-absolute item-content-resposabilidad-social elementor-widget elementor-widget-text-editor\" data-id=\"4c9c9b2\" data-element_type=\"widget\" data-e-type=\"widget\" data-settings=\"{&quot;_position&quot;:&quot;absolute&quot;}\" data-widget_type=\"text-editor.default\">\n\t\t\t\t<div class=\"elementor-widget-container\">\n\t\t\t\t\t\t\t\t\t<h2><strong>Unions with purpose<\/strong><\/h2><p>At PCP, every action has a purpose. That is why, together with the El Comienzo del Arco\u00edris Foundation, we created a work unit in Puerto Caldas to promote young talent and encourage education as a means to achieve their dreams.<\/p><p>Our projects are designed to generate a positive impact in the community, promoting values such as solidarity, sustainability, and social commitment. Together, we build a more inclusive and responsible future.<\/p>\t\t\t\t\t\t\t\t<\/div>\n\t\t\t\t<\/div>\n\t\t\t\t<\/div>\n\t\t<div class=\"elementor-element elementor-element-2119b9a e-con-full item-responsabilidad-social e-flex e-con e-child\" data-id=\"2119b9a\" data-element_type=\"container\" data-e-type=\"container\" data-settings=\"{&quot;background_background&quot;:&quot;classic&quot;}\">\n\t\t\t\t<div class=\"elementor-element elementor-element-80bbdba elementor-absolute item-content-resposabilidad-social elementor-widget elementor-widget-text-editor\" data-id=\"80bbdba\" data-element_type=\"widget\" data-e-type=\"widget\" data-settings=\"{&quot;_position&quot;:&quot;absolute&quot;}\" data-widget_type=\"text-editor.default\">\n\t\t\t\t<div class=\"elementor-widget-container\">\n\t\t\t\t\t\t\t\t\t<h2><strong>Sustainability<\/strong><\/h2><p>Sustainability is a fundamental pillar at PCP. We implement initiatives that balance economic, social, and environmental development, such as renewable energy through solar panels, water reserve and drinking water tanks, wastewater treatment plants (PTARD), vegetable gardens, and composting. In this way, we ensure a positive impact on both our communities and the planet. Committed to a sustainable future for all!<\/p>\t\t\t\t\t\t\t\t<\/div>\n\t\t\t\t<\/div>\n\t\t\t\t<\/div>\n\t\t<div class=\"elementor-element elementor-element-66c9aca e-con-full item-responsabilidad-social e-flex e-con e-child\" data-id=\"66c9aca\" data-element_type=\"container\" data-e-type=\"container\" data-settings=\"{&quot;background_background&quot;:&quot;classic&quot;}\">\n\t\t\t\t<div class=\"elementor-element elementor-element-fac09b8 elementor-absolute item-content-resposabilidad-social elementor-widget elementor-widget-text-editor\" data-id=\"fac09b8\" data-element_type=\"widget\" data-e-type=\"widget\" data-settings=\"{&quot;_position&quot;:&quot;absolute&quot;}\" data-widget_type=\"text-editor.default\">\n\t\t\t\t<div class=\"elementor-widget-container\">\n\t\t\t\t\t\t\t\t\t<h2><strong>Regional leadership<\/strong><\/h2><p>PCP has established itself as a regional leader, recognized for innovation, social commitment, and transformative programs.<\/p><p>Our comprehensive vision positions us as leaders in human and organizational development in Latin America.<\/p>\t\t\t\t\t\t\t\t<\/div>\n\t\t\t\t<\/div>\n\t\t\t\t<\/div>\n\t\t<div class=\"elementor-element elementor-element-737e58a e-con-full item-responsabilidad-social e-flex e-con e-child\" data-id=\"737e58a\" data-element_type=\"container\" data-e-type=\"container\" data-settings=\"{&quot;background_background&quot;:&quot;classic&quot;}\">\n\t\t\t\t<div class=\"elementor-element elementor-element-c94c772 elementor-absolute item-content-resposabilidad-social elementor-widget elementor-widget-text-editor\" data-id=\"c94c772\" data-element_type=\"widget\" data-e-type=\"widget\" data-settings=\"{&quot;_position&quot;:&quot;absolute&quot;}\" data-widget_type=\"text-editor.default\">\n\t\t\t\t<div class=\"elementor-widget-container\">\n\t\t\t\t\t\t\t\t\t<h2><strong>Centro Poeta<\/strong><\/h2><p>The \u201cCentro Poeta\u201d initiative by PCP is an international program that fosters digital, technical, and life skills, promoting socioeconomic inclusion in vulnerable communities.<\/p><p>This program opens doors to new opportunities in employment, education, and entrepreneurship.<\/p>\t\t\t\t\t\t\t\t<\/div>\n\t\t\t\t<\/div>\n\t\t\t\t<\/div>\n\t\t<div class=\"elementor-element elementor-element-73ba166 e-con-full item-responsabilidad-social e-flex e-con e-child\" data-id=\"73ba166\" data-element_type=\"container\" data-e-type=\"container\" data-settings=\"{&quot;background_background&quot;:&quot;classic&quot;}\">\n\t\t\t\t<div class=\"elementor-element elementor-element-cce9966 elementor-absolute item-content-resposabilidad-social elementor-widget elementor-widget-text-editor\" data-id=\"cce9966\" data-element_type=\"widget\" data-e-type=\"widget\" data-settings=\"{&quot;_position&quot;:&quot;absolute&quot;}\" data-widget_type=\"text-editor.default\">\n\t\t\t\t<div class=\"elementor-widget-container\">\n\t\t\t\t\t\t\t\t\t<h2><strong>Education<\/strong><\/h2><p>At PCP, training is key to professional development.<\/p><p>We offer innovative programs that combine experiential, social, and formal learning, ensuring the closing of gaps and strengthening both technical and soft skills among our employees.<\/p>\t\t\t\t\t\t\t\t<\/div>\n\t\t\t\t<\/div>\n\t\t\t\t<\/div>\n\t\t<div class=\"elementor-element elementor-element-c7afc65 e-con-full item-responsabilidad-social e-flex e-con e-child\" data-id=\"c7afc65\" data-element_type=\"container\" data-e-type=\"container\" data-settings=\"{&quot;background_background&quot;:&quot;classic&quot;}\">\n\t\t\t\t<div class=\"elementor-element elementor-element-2a45b59 elementor-absolute item-content-resposabilidad-social elementor-widget elementor-widget-text-editor\" data-id=\"2a45b59\" data-element_type=\"widget\" data-e-type=\"widget\" data-settings=\"{&quot;_position&quot;:&quot;absolute&quot;}\" data-widget_type=\"text-editor.default\">\n\t\t\t\t<div class=\"elementor-widget-container\">\n\t\t\t\t\t\t\t\t\t<h2><strong>Art and culture<\/strong><\/h2><p>Art and culture are essential at PCP.<\/p><p>We promote activities that enrich creativity, expression, and community spirit, strengthening the emotional well-being and holistic development of our employees and their families.<\/p>\t\t\t\t\t\t\t\t<\/div>\n\t\t\t\t<\/div>\n\t\t\t\t<\/div>\n\t\t\t\t\t<\/div>\n\t\t\t\t<\/div>\n\t\t<div class=\"elementor-element elementor-element-69ecf09 e-flex e-con-boxed e-con e-parent\" data-id=\"69ecf09\" data-element_type=\"container\" data-e-type=\"container\">\n\t\t\t\t\t<div class=\"e-con-inner\">\n\t\t\t\t<div class=\"elementor-element elementor-element-4a06d65 elementor-widget elementor-widget-heading\" data-id=\"4a06d65\" data-element_type=\"widget\" data-e-type=\"widget\" data-widget_type=\"heading.default\">\n\t\t\t\t<div class=\"elementor-widget-container\">\n\t\t\t\t\t<h2 class=\"elementor-heading-title elementor-size-default\">CSR in the community<\/h2>\t\t\t\t<\/div>\n\t\t\t\t<\/div>\n\t\t\t\t\t<\/div>\n\t\t\t\t<\/div>\n\t\t<div class=\"elementor-element elementor-element-8a329d4 e-flex e-con-boxed e-con e-parent\" data-id=\"8a329d4\" data-element_type=\"container\" data-e-type=\"container\" id=\"rse-en-la-region-e-interno\">\n\t\t\t\t\t<div class=\"e-con-inner\">\n\t\t<div class=\"elementor-element elementor-element-dd0397b e-con-full item-rse e-flex e-con e-child\" data-id=\"dd0397b\" data-element_type=\"container\" data-e-type=\"container\">\n\t\t<div class=\"elementor-element elementor-element-d57b6ba e-con-full e-flex e-con e-child\" data-id=\"d57b6ba\" data-element_type=\"container\" data-e-type=\"container\" data-settings=\"{&quot;background_background&quot;:&quot;classic&quot;}\">\n\t\t\t\t<div class=\"elementor-element elementor-element-9f0a801 elementor-absolute item-content-resposabilidad-social elementor-widget elementor-widget-text-editor\" data-id=\"9f0a801\" data-element_type=\"widget\" data-e-type=\"widget\" data-settings=\"{&quot;_position&quot;:&quot;absolute&quot;}\" data-widget_type=\"text-editor.default\">\n\t\t\t\t<div class=\"elementor-widget-container\">\n\t\t\t\t\t\t\t\t\t<p>At PCP, we are proud to have an eNPS of 84%, an outstanding indicator that reflects employee satisfaction and loyalty.<\/p><p>This result highlights our commitment to a positive, inclusive, and motivating work environment, where every team member feels valued and supported. Join a company that prioritizes the well-being and happiness of its people!<\/p>\t\t\t\t\t\t\t\t<\/div>\n\t\t\t\t<\/div>\n\t\t\t\t<\/div>\n\t\t\t\t<div class=\"elementor-element elementor-element-aadaf70 elementor-widget elementor-widget-heading\" data-id=\"aadaf70\" data-element_type=\"widget\" data-e-type=\"widget\" data-widget_type=\"heading.default\">\n\t\t\t\t<div class=\"elementor-widget-container\">\n\t\t\t\t\t<h3 class=\"elementor-heading-title elementor-size-default\">eNPS 86%<\/h3>\t\t\t\t<\/div>\n\t\t\t\t<\/div>\n\t\t\t\t<\/div>\n\t\t<div class=\"elementor-element elementor-element-0bedb77 e-con-full item-rse e-flex e-con e-child\" data-id=\"0bedb77\" data-element_type=\"container\" data-e-type=\"container\">\n\t\t<div class=\"elementor-element elementor-element-7b9a433 e-con-full e-flex e-con e-child\" data-id=\"7b9a433\" data-element_type=\"container\" data-e-type=\"container\" data-settings=\"{&quot;background_background&quot;:&quot;classic&quot;}\">\n\t\t\t\t<div class=\"elementor-element elementor-element-5c3e216 elementor-absolute item-content-resposabilidad-social elementor-widget elementor-widget-text-editor\" data-id=\"5c3e216\" data-element_type=\"widget\" data-e-type=\"widget\" data-settings=\"{&quot;_position&quot;:&quot;absolute&quot;}\" data-widget_type=\"text-editor.default\">\n\t\t\t\t<div class=\"elementor-widget-container\">\n\t\t\t\t\t\t\t\t\t<p>With \u201cPCP al Aula\u201d, we provide our employees and their families with the opportunity to complete primary and secondary education through a flexible validation-by-cycles system.<\/p><p>This program not only fosters personal and professional growth but also reinforces our commitment to education and the integral development of our community.<\/p>\t\t\t\t\t\t\t\t<\/div>\n\t\t\t\t<\/div>\n\t\t\t\t<\/div>\n\t\t\t\t<div class=\"elementor-element elementor-element-d6a03f4 elementor-widget elementor-widget-heading\" data-id=\"d6a03f4\" data-element_type=\"widget\" data-e-type=\"widget\" data-widget_type=\"heading.default\">\n\t\t\t\t<div class=\"elementor-widget-container\">\n\t\t\t\t\t<h3 class=\"elementor-heading-title elementor-size-default\">PCP to the Classroom<\/h3>\t\t\t\t<\/div>\n\t\t\t\t<\/div>\n\t\t\t\t<\/div>\n\t\t<div class=\"elementor-element elementor-element-e2f4fb7 e-con-full item-rse e-flex e-con e-child\" data-id=\"e2f4fb7\" data-element_type=\"container\" data-e-type=\"container\">\n\t\t<div class=\"elementor-element elementor-element-864e59d e-con-full e-flex e-con e-child\" data-id=\"864e59d\" data-element_type=\"container\" data-e-type=\"container\" data-settings=\"{&quot;background_background&quot;:&quot;classic&quot;}\">\n\t\t\t\t<div class=\"elementor-element elementor-element-2dec795 elementor-absolute item-content-resposabilidad-social elementor-widget elementor-widget-text-editor\" data-id=\"2dec795\" data-element_type=\"widget\" data-e-type=\"widget\" data-settings=\"{&quot;_position&quot;:&quot;absolute&quot;}\" data-widget_type=\"text-editor.default\">\n\t\t\t\t<div class=\"elementor-widget-container\">\n\t\t\t\t\t\t\t\t\t<p>At PCP, we develop transformational leadership skills through strategic programs that strengthen key abilities such as decision-making, effective management, and teamwork.<\/p><p>Our leadership approach empowers employees to reach their maximum potential, creating a positive impact across the organization.<\/p>\t\t\t\t\t\t\t\t<\/div>\n\t\t\t\t<\/div>\n\t\t\t\t<\/div>\n\t\t\t\t<div class=\"elementor-element elementor-element-60d0d00 elementor-widget elementor-widget-heading\" data-id=\"60d0d00\" data-element_type=\"widget\" data-e-type=\"widget\" data-widget_type=\"heading.default\">\n\t\t\t\t<div class=\"elementor-widget-container\">\n\t\t\t\t\t<h3 class=\"elementor-heading-title elementor-size-default\">PCP Leadership<\/h3>\t\t\t\t<\/div>\n\t\t\t\t<\/div>\n\t\t\t\t<\/div>\n\t\t<div class=\"elementor-element elementor-element-ed1b269 e-con-full item-rse e-flex e-con e-child\" data-id=\"ed1b269\" data-element_type=\"container\" data-e-type=\"container\">\n\t\t<div class=\"elementor-element elementor-element-964ea57 e-con-full e-flex e-con e-child\" data-id=\"964ea57\" data-element_type=\"container\" data-e-type=\"container\" data-settings=\"{&quot;background_background&quot;:&quot;classic&quot;}\">\n\t\t\t\t<div class=\"elementor-element elementor-element-4ee5ab2 elementor-absolute item-content-resposabilidad-social elementor-widget elementor-widget-text-editor\" data-id=\"4ee5ab2\" data-element_type=\"widget\" data-e-type=\"widget\" data-settings=\"{&quot;_position&quot;:&quot;absolute&quot;}\" data-widget_type=\"text-editor.default\">\n\t\t\t\t<div class=\"elementor-widget-container\">\n\t\t\t\t\t\t\t\t\t<p>The \u201cEscuela de Padres\u201d (Parent School) program connects families with the company, offering tools to strengthen family bonds and promote overall well-being.<\/p><p>With both in-person and virtual approaches, this initiative has positively impacted dozens of families, achieving 100% satisfaction among participants.<\/p>\t\t\t\t\t\t\t\t<\/div>\n\t\t\t\t<\/div>\n\t\t\t\t<\/div>\n\t\t\t\t<div class=\"elementor-element elementor-element-9d44c1c elementor-widget elementor-widget-heading\" data-id=\"9d44c1c\" data-element_type=\"widget\" data-e-type=\"widget\" data-widget_type=\"heading.default\">\n\t\t\t\t<div class=\"elementor-widget-container\">\n\t\t\t\t\t<h3 class=\"elementor-heading-title elementor-size-default\">School for parents<\/h3>\t\t\t\t<\/div>\n\t\t\t\t<\/div>\n\t\t\t\t<\/div>\n\t\t\t\t\t<\/div>\n\t\t\t\t<\/div>\n\t\t\t\t<\/div>","protected":false},"excerpt":{"rendered":"<p>Responsabilidad Social Acoples con prop\u00f3sito En PCP, cada acci\u00f3n tiene un prop\u00f3sito, por eso Junto con la Fundaci\u00f3n El Comienzo del Arco\u00edris creamos una unidad de trabajo en Puerto Caldas, que permite impulsar el talento joven y promover la educaci\u00f3n como medio para alcanzar los sue\u00f1os de cada uno de ellos. Nuestros proyectos est\u00e1n dise\u00f1ados [&hellip;]<\/p>\n","protected":false},"author":459,"featured_media":0,"parent":0,"menu_order":0,"comment_status":"closed","ping_status":"closed","template":"elementor_header_footer","meta":{"_et_pb_use_builder":"","_et_pb_old_content":"","_et_gb_content_width":"","content-type":"","footnotes":""},"class_list":["post-18035","page","type-page","status-publish","hentry"],"_links":{"self":[{"href":"https:\/\/pcpplasticos.com\/usa\/wp-json\/wp\/v2\/pages\/18035","targetHints":{"allow":["GET"]}}],"collection":[{"href":"https:\/\/pcpplasticos.com\/usa\/wp-json\/wp\/v2\/pages"}],"about":[{"href":"https:\/\/pcpplasticos.com\/usa\/wp-json\/wp\/v2\/types\/page"}],"author":[{"embeddable":true,"href":"https:\/\/pcpplasticos.com\/usa\/wp-json\/wp\/v2\/users\/459"}],"replies":[{"embeddable":true,"href":"https:\/\/pcpplasticos.com\/usa\/wp-json\/wp\/v2\/comments?post=18035"}],"version-history":[{"count":97,"href":"https:\/\/pcpplasticos.com\/usa\/wp-json\/wp\/v2\/pages\/18035\/revisions"}],"predecessor-version":[{"id":20266,"href":"https:\/\/pcpplasticos.com\/usa\/wp-json\/wp\/v2\/pages\/18035\/revisions\/20266"}],"wp:attachment":[{"href":"https:\/\/pcpplasticos.com\/usa\/wp-json\/wp\/v2\/media?parent=18035"}],"curies":[{"name":"wp","href":"https:\/\/api.w.org\/{rel}","templated":true}]}}