{"id":21193,"date":"2025-11-19T13:50:24","date_gmt":"2025-11-19T13:50:24","guid":{"rendered":"https:\/\/pcpplasticos.com\/?page_id=21193"},"modified":"2025-11-19T11:07:20","modified_gmt":"2025-11-19T16:07:20","slug":"politica-integral-de-gestion","status":"publish","type":"page","link":"https:\/\/pcpplasticos.com\/usa\/politica-integral-de-gestion\/","title":{"rendered":"Pol\u00edtica Integral de Gesti\u00f3n"},"content":{"rendered":"<div data-elementor-type=\"wp-page\" data-elementor-id=\"21193\" class=\"elementor elementor-21193\" data-elementor-post-type=\"page\">\n\t\t\t\t<div class=\"elementor-element elementor-element-7e229e74 e-con-full blanco-difuminado e-flex e-con e-parent\" data-id=\"7e229e74\" data-element_type=\"container\" data-e-type=\"container\">\n\t\t\t\t<div class=\"elementor-element elementor-element-6362e0df elementor-widget elementor-widget-image-carousel\" data-id=\"6362e0df\" data-element_type=\"widget\" data-e-type=\"widget\" data-settings=\"{&quot;slides_to_show&quot;:&quot;1&quot;,&quot;navigation&quot;:&quot;none&quot;,&quot;autoplay&quot;:&quot;yes&quot;,&quot;pause_on_hover&quot;:&quot;yes&quot;,&quot;pause_on_interaction&quot;:&quot;yes&quot;,&quot;autoplay_speed&quot;:5000,&quot;infinite&quot;:&quot;yes&quot;,&quot;effect&quot;:&quot;slide&quot;,&quot;speed&quot;:500}\" data-widget_type=\"image-carousel.default\">\n\t\t\t\t<div class=\"elementor-widget-container\">\n\t\t\t\t\t\t\t<div class=\"elementor-image-carousel-wrapper swiper\" role=\"region\" aria-roledescription=\"carousel\" aria-label=\"Carousel of images\" dir=\"ltr\">\n\t\t\t<div class=\"elementor-image-carousel swiper-wrapper swiper-image-stretch\" aria-live=\"off\">\n\t\t\t\t\t\t\t\t<div class=\"swiper-slide\" role=\"group\" aria-roledescription=\"slide\" aria-label=\"1 of 1\"><figure class=\"swiper-slide-inner\"><img decoding=\"async\" class=\"swiper-slide-image\" src=\"https:\/\/pcpplasticos.com\/wp-content\/uploads\/2025\/03\/somos-pcp.webp\" alt=\"we-are-pcp\" \/><\/figure><\/div>\t\t\t<\/div>\n\t\t\t\t\t<\/div>\n\t\t\t\t\t\t<\/div>\n\t\t\t\t<\/div>\n\t\t\t\t<\/div>\n\t\t<div class=\"elementor-element elementor-element-2baeec4a e-flex e-con-boxed e-con e-parent\" data-id=\"2baeec4a\" data-element_type=\"container\" data-e-type=\"container\">\n\t\t\t\t\t<div class=\"e-con-inner\">\n\t\t\t\t<div class=\"elementor-element elementor-element-f12cd48 contenedor-breadcrumb elementor-widget elementor-widget-woocommerce-breadcrumb\" data-id=\"f12cd48\" data-element_type=\"widget\" data-e-type=\"widget\" data-widget_type=\"woocommerce-breadcrumb.default\">\n\t\t\t\t<div class=\"elementor-widget-container\">\n\t\t\t\t\t<nav class=\"woocommerce-breadcrumb\" aria-label=\"Breadcrumb\"><a href=\"https:\/\/pcpplasticos.com\/usa\" data-no-translation=\"\" data-trp-gettext=\"\">Home<\/a><span>Products<\/span><\/nav>\t\t\t\t<\/div>\n\t\t\t\t<\/div>\n\t\t\t\t<div class=\"elementor-element elementor-element-4b73aa84 elementor-widget elementor-widget-heading\" data-id=\"4b73aa84\" data-element_type=\"widget\" data-e-type=\"widget\" data-widget_type=\"heading.default\">\n\t\t\t\t<div class=\"elementor-widget-container\">\n\t\t\t\t\t<h1 class=\"elementor-heading-title elementor-size-default\">Pol\u00edtica Integral de Gesti\u00f3n<\/h1>\t\t\t\t<\/div>\n\t\t\t\t<\/div>\n\t\t\t\t\t<\/div>\n\t\t\t\t<\/div>\n\t\t<div class=\"elementor-element elementor-element-4448a83 e-flex e-con-boxed e-con e-parent\" data-id=\"4448a83\" data-element_type=\"container\" data-e-type=\"container\">\n\t\t\t\t\t<div class=\"e-con-inner\">\n\t\t\t\t<div class=\"elementor-element elementor-element-55f2319 elementor-widget elementor-widget-heading\" data-id=\"55f2319\" data-element_type=\"widget\" data-e-type=\"widget\" data-widget_type=\"heading.default\">\n\t\t\t\t<div class=\"elementor-widget-container\">\n\t\t\t\t\t<h2 class=\"elementor-heading-title elementor-size-default\">Certificaciones de Calidad, Medio Ambiente y Seguridad \u2013 PCP Pl\u00e1sticos\n\nISO 9001:2018 \u2013 Certificaci\u00f3n del Sistema de Gesti\u00f3n de Calidad<\/h2>\t\t\t\t<\/div>\n\t\t\t\t<\/div>\n\t\t\t\t<div class=\"elementor-element elementor-element-a31808c elementor-widget elementor-widget-text-editor\" data-id=\"a31808c\" data-element_type=\"widget\" data-e-type=\"widget\" data-widget_type=\"text-editor.default\">\n\t\t\t\t<div class=\"elementor-widget-container\">\n\t\t\t\t\t\t\t\t\t<div class=\"et_pb_text_inner\"><div><p>En PCP<s>\u00a0<\/s>contamos con la\u00a0<b>certificaci\u00f3n ISO 9001:2018<\/b>, un est\u00e1ndar internacional que garantiza la\u00a0calidad, confiabilidad y consistencia\u00a0en cada uno de nuestros productos\u00a0para el manejo del agua. La estandarizaci\u00f3n de nuestros procesos permite asegurar resultados\u00a0seguros y duraderos, respaldados por un enfoque de\u00a0mejora continua. Esta certificaci\u00f3n demuestra nuestro compromiso con la\u00a0satisfacci\u00f3n del cliente y la excelencia.<\/p><\/div><p><b>ISO 14001:2018 \u2013 Certificaci\u00f3n del Sistema de Gesti\u00f3n Ambiental<\/b><\/p><div><p>La\u00a0<b>certificaci\u00f3n ISO 14001:2018<\/b>\u00a0avala nuestras pr\u00e1cticas responsables con el\u00a0medio ambiente. En PCP\u00a0implementamos pol\u00edticas y procesos que reducen el impacto ambiental, promoviendo el uso eficiente de los recursos, materiales y energ\u00eda. Nuestra gesti\u00f3n ambiental garantiza que cada producto se fabrica bajo un enfoque de\u00a0sostenibilidad y responsabilidad ecol\u00f3gica.<\/p><\/div><p><b>BASC \u2013 Sistema de Gesti\u00f3n en Control y Seguridad<\/b><\/p><div><p>Nuestra certificaci\u00f3n\u00a0<b>BASC (Business Alliance for Secure Commerce)<\/b> valida nuestro compromiso con la seguridad en la cadena de suministro. Aplicamos estrictos controles y buenas pr\u00e1cticas para prevenir riesgos relacionados con actividades il\u00edcitas, garantizando la integridad de nuestros procesos log\u00edsticos y productivos. Gracias a BASC, nuestros procesos cumplen con altos est\u00e1ndares de seguridad y cumplimiento normativo.<br \/><br \/><\/p><\/div><div><p><b>Pol\u00edtica Integral de Gesti\u00f3n \u2013 Calidad, Medio Ambiente, Seguridad y Salud<\/b><\/p><div><p>Partes y Complementos Pl\u00e1sticos S.A.S. es una empresacolombiana, innovadora, con avanzada tecnolog\u00eda propia: cuyo objetivo principal es la satisfacci\u00f3n y bienestar de nuestras partes interesadas a trav\u00e9s del dise\u00f1o, desarrollo, fabricaci\u00f3n y comercializaci\u00f3n deproductos y accesorios pl\u00e1sticos para el manejo y cuidado del agua.<\/p><p>Se compromete a:<\/p><div>\u00a0<\/div><div>1) \u00a0 \u00a0 \u00a0 \u00a0 \u00a0 Cumplir con los requisitos legales y reglamentarios vigentes aplicables para el Sistema de Gesti\u00f3n Integral.<\/div><div>\u00a0<\/div><div>2) \u00a0 \u00a0 \u00a0 \u00a0 \u00a0 Mantener la satisfacci\u00f3n del cliente cumpliendo con los est\u00e1ndares de calidad aplicables a nuestros productos y procesos.<\/div><div>\u00a0<\/div><div>3) \u00a0 \u00a0 \u00a0 \u00a0 \u00a0 Mejorar los procesos para disminuir los costos de la No Calidad.<\/div><div>\u00a0<\/div><div>4) \u00a0 \u00a0 \u00a0 \u00a0 \u00a0 Fomentar la innovaci\u00f3n e investigaci\u00f3n para garantizar la sostenibilidad de la compa\u00f1\u00eda en el mercado.<\/div><div>\u00a0<\/div><div>5) \u00a0 \u00a0 \u00a0 \u00a0 \u00a0 Utilizar los recursos naturales y materiales bajo los conceptos de sostenibilidad, enfocados al control, prevenci\u00f3n y mitigaci\u00f3n de impactos ambientales generados en los procesos.<\/div><div>\u00a0<\/div><div>6) \u00a0 \u00a0 \u00a0 \u00a0 \u00a0 Gestionar los residuos generados permitiendo el aprovechamiento y disposici\u00f3n para prevenir la contaminaci\u00f3n.<\/div><div>\u00a0<\/div><div>7) \u00a0 \u00a0 \u00a0 \u00a0 \u00a0 Promover buenas pr\u00e1cticas ambientales, generando conciencia y participaci\u00f3n activa en la preservaci\u00f3n del medio ambiente.<\/div><div>\u00a0<\/div><div>8) \u00a0 \u00a0 \u00a0 \u00a0 \u00a0 Identificar las expectativas de nuestras partes interesadas con el fin de fortalecer y aumentar los impactos positivos y mitigar los impactos negativos.<\/div><div>\u00a0<\/div><div>9) \u00a0 \u00a0 \u00a0 \u00a0 \u00a0 Proteger la seguridad y la salud de los trabajadores mediante la identificaci\u00f3n de peligros, evaluaci\u00f3n, valoraci\u00f3n y control de riesgos inherentes a nuestra actividad para garantizar un ambiente de trabajo sano y seguro que contribuya al bienestar f\u00edsico, psicol\u00f3gico, social y laboral de todos los empleados, buscando minimizar los accidentes de trabajo y enfermedades laborales.<\/div><div>\u00a0<\/div><div>10) \u00a0 \u00a0 \u00a0 \u00a0 Fomentar una cultura preventiva y de autocuidado, desarrollando actividades de promoci\u00f3n y prevenci\u00f3n para intervenir condiciones y comportamientos inseguros que puedan causar da\u00f1os o enfermedades.<\/div><div>\u00a0<\/div><div>11) \u00a0 \u00a0 \u00a0 \u00a0 Proporcionar los recursos necesarios para la ejecuci\u00f3n de las actividades encaminadas a la mejora continua para alcanzar los objetivos y metas del Sistema de Gesti\u00f3n Integral.<\/div><div>\u00a0<\/div><div>12) \u00a0 \u00a0 \u00a0 \u00a0 Proporcionar un marco de referencia para el establecimiento de los objetivos del Sistema de Gesti\u00f3n Integral.<\/div><div>\u00a0<\/div><div>13) \u00a0 \u00a0 \u00a0 \u00a0 Mantener la integridad de los procesos, respecto a la prevenci\u00f3n de delitos de corrupci\u00f3n y soborno; y lavado de activos.<\/div><div>\u00a0<\/div><div>14) \u00a0 \u00a0 \u00a0 \u00a0 Promover la seguridad en el uso de las tecnolog\u00edas de la informaci\u00f3n.<\/div><\/div><\/div><\/div>\t\t\t\t\t\t\t\t<\/div>\n\t\t\t\t<\/div>\n\t\t\t\t\t<\/div>\n\t\t\t\t<\/div>\n\t\t\t\t<\/div>","protected":false},"excerpt":{"rendered":"<p>Certificaciones de Calidad, Medio Ambiente y Seguridad \u2013 PCP Pl\u00e1sticos ISO 9001:2018 \u2013 Certificaci\u00f3n del Sistema de Gesti\u00f3n de Calidad En PCP\u00a0contamos con la\u00a0certificaci\u00f3n ISO 9001:2018, un est\u00e1ndar internacional que garantiza la\u00a0calidad, confiabilidad y consistencia\u00a0en cada uno de nuestros productos\u00a0para el manejo del agua. La estandarizaci\u00f3n de nuestros procesos permite asegurar resultados\u00a0seguros y duraderos, respaldados [&hellip;]<\/p>\n","protected":false},"author":296,"featured_media":0,"parent":0,"menu_order":0,"comment_status":"closed","ping_status":"closed","template":"elementor_header_footer","meta":{"_et_pb_use_builder":"on","_et_pb_old_content":"","_et_gb_content_width":"","content-type":"","footnotes":""},"class_list":["post-21193","page","type-page","status-publish","hentry"],"_links":{"self":[{"href":"https:\/\/pcpplasticos.com\/usa\/wp-json\/wp\/v2\/pages\/21193","targetHints":{"allow":["GET"]}}],"collection":[{"href":"https:\/\/pcpplasticos.com\/usa\/wp-json\/wp\/v2\/pages"}],"about":[{"href":"https:\/\/pcpplasticos.com\/usa\/wp-json\/wp\/v2\/types\/page"}],"author":[{"embeddable":true,"href":"https:\/\/pcpplasticos.com\/usa\/wp-json\/wp\/v2\/users\/296"}],"replies":[{"embeddable":true,"href":"https:\/\/pcpplasticos.com\/usa\/wp-json\/wp\/v2\/comments?post=21193"}],"version-history":[{"count":12,"href":"https:\/\/pcpplasticos.com\/usa\/wp-json\/wp\/v2\/pages\/21193\/revisions"}],"predecessor-version":[{"id":21215,"href":"https:\/\/pcpplasticos.com\/usa\/wp-json\/wp\/v2\/pages\/21193\/revisions\/21215"}],"wp:attachment":[{"href":"https:\/\/pcpplasticos.com\/usa\/wp-json\/wp\/v2\/media?parent=21193"}],"curies":[{"name":"wp","href":"https:\/\/api.w.org\/{rel}","templated":true}]}}