{"id":2600,"date":"2018-04-11T23:59:47","date_gmt":"2018-04-11T23:59:47","guid":{"rendered":"http:\/\/pcp.centroexcentrico.com\/?page_id=2600"},"modified":"2025-04-09T18:53:37","modified_gmt":"2025-04-09T23:53:37","slug":"peru","status":"publish","type":"page","link":"https:\/\/pcpplasticos.com\/usa\/peru\/","title":{"rendered":"Peru"},"content":{"rendered":"<p>[et_pb_section fb_built=&#8221;1&#8243; fullwidth=&#8221;on&#8221; _builder_version=&#8221;3.22&#8243; da_disable_devices=&#8221;off|off|off&#8221; da_is_popup=&#8221;off&#8221; da_exit_intent=&#8221;off&#8221; da_has_close=&#8221;on&#8221; da_alt_close=&#8221;off&#8221; da_dark_close=&#8221;off&#8221; da_not_modal=&#8221;on&#8221; da_is_singular=&#8221;off&#8221; da_with_loader=&#8221;off&#8221; da_has_shadow=&#8221;on&#8221;][et_pb_fullwidth_image src=&#8221;http:\/\/pcpplasticos.com\/wp-content\/uploads\/2018\/08\/peru_banner.jpg&#8221; _builder_version=&#8221;3.0.77&#8243;][\/et_pb_fullwidth_image][\/et_pb_section][et_pb_section fb_built=&#8221;1&#8243; _builder_version=&#8221;3.22&#8243; custom_padding=&#8221;0px|0px|0px|0px&#8221; da_disable_devices=&#8221;off|off|off&#8221; da_is_popup=&#8221;off&#8221; da_exit_intent=&#8221;off&#8221; da_has_close=&#8221;on&#8221; da_alt_close=&#8221;off&#8221; da_dark_close=&#8221;off&#8221; da_not_modal=&#8221;on&#8221; da_is_singular=&#8221;off&#8221; da_with_loader=&#8221;off&#8221; da_has_shadow=&#8221;on&#8221;][et_pb_row column_structure=&#8221;1_2,1_2&#8243; module_class=&#8221; et_pb_row_fullwidth&#8221; _builder_version=&#8221;3.25&#8243; width=&#8221;89%&#8221; width_tablet=&#8221;80%&#8221; width_phone=&#8221;&#8221; width_last_edited=&#8221;on|desktop&#8221; max_width=&#8221;89%&#8221; max_width_tablet=&#8221;80%&#8221; max_width_phone=&#8221;&#8221; max_width_last_edited=&#8221;on|desktop&#8221; custom_padding=&#8221;75px|0px|61px|0px&#8221; make_fullwidth=&#8221;on&#8221;][et_pb_column type=&#8221;1_2&#8243; _builder_version=&#8221;3.25&#8243; custom_padding=&#8221;|||&#8221; custom_padding__hover=&#8221;|||&#8221;][et_pb_blurb title=&#8221;CONTACTO PER\u00da&#8221; use_icon=&#8221;on&#8221; font_icon=&#8221;%%122%%&#8221; icon_color=&#8221;#ffffff&#8221; use_circle=&#8221;on&#8221; circle_color=&#8221;#0c71c3&#8243; icon_placement=&#8221;left&#8221; use_icon_font_size=&#8221;on&#8221; icon_font_size=&#8221;54px&#8221; _builder_version=&#8221;4.4.9&#8243; header_font=&#8221;Abel|on|||&#8221; header_font_size=&#8221;49px&#8221; header_line_height=&#8221;1.6em&#8221; custom_margin=&#8221;0px|||&#8221; custom_padding=&#8221;0px|||&#8221; animation_style=&#8221;zoom&#8221; animation_duration=&#8221;1350ms&#8221;]<\/p>\n<p><span style=\"color: #0c71c3;\"><strong>Tel:<\/strong><\/span> <span>(+51) 1 3237726\u00a0 <\/span><\/p>\n<p><span><strong>M\u00f3vil:<\/strong> 987 211 707<\/span><\/p>\n<p><span style=\"color: #0c71c3;\"><strong>E-mail:<\/strong><\/span> <a href=\"mailto:ventasperu@PCPplasticos.com\">ventasperu@PCPplasticos.com<\/a><\/p>\n<p>Carretera panamericana sur KM. 29.5 Interior C-06 Zona Industrial Lur\u00edn referencia (Megacentro) Lima \u2013 Per\u00fa<\/p>\n<p>[\/et_pb_blurb][\/et_pb_column][et_pb_column type=&#8221;1_2&#8243; _builder_version=&#8221;3.25&#8243; custom_padding=&#8221;|||&#8221; custom_padding__hover=&#8221;|||&#8221;][et_pb_blurb title=&#8221;CAT\u00c1LOGO PER\u00da&#8221; url=&#8221;http:\/\/pcpplasticos.com\/files\/CATALOGO_WEB_PERU.pdf&#8221; use_icon=&#8221;on&#8221; font_icon=&#8221;%%72%%&#8221; icon_color=&#8221;#ffffff&#8221; use_circle=&#8221;on&#8221; circle_color=&#8221;#0c71c3&#8243; icon_placement=&#8221;left&#8221; use_icon_font_size=&#8221;on&#8221; icon_font_size=&#8221;53px&#8221; _builder_version=&#8221;4.4.9&#8243; header_font=&#8221;Abel|on|||&#8221; header_text_align=&#8221;left&#8221; header_font_size=&#8221;51px&#8221; header_line_height=&#8221;1.6em&#8221; body_font=&#8221;Abel||||&#8221; body_text_align=&#8221;left&#8221; body_font_size=&#8221;20px&#8221; body_line_height=&#8221;1em&#8221; animation_style=&#8221;zoom&#8221; animation_duration=&#8221;1350ms&#8221; hover_enabled=&#8221;0&#8243;]<\/p>\n<p><a href=\"https:\/\/pcpplasticos.com\/wp-content\/uploads\/2025\/04\/CATALOGO-FERRETERIA-PERU.pdf\" target=\"_blank\" rel=\"noopener noreferrer\"><span style=\"color: #00ccff;\"><b><span style=\"color: #0c71c3;\">Descargue aqu\u00ed cat\u00e1logo Per\u00fa<\/span><\/b><\/span><\/a><\/p>\n<p>para conocer nuestro\u00a0<span style=\"font-size: 20px;\">cat\u00e1logo de productos en Per\u00fa<\/span><\/p>\n<p>[\/et_pb_blurb][\/et_pb_column][\/et_pb_row][\/et_pb_section]<\/p>\n","protected":false},"excerpt":{"rendered":"<p>[et_pb_section fb_built=&#8221;1&#8243; fullwidth=&#8221;on&#8221; _builder_version=&#8221;3.22&#8243; da_disable_devices=&#8221;off|off|off&#8221; da_is_popup=&#8221;off&#8221; da_exit_intent=&#8221;off&#8221; da_has_close=&#8221;on&#8221; da_alt_close=&#8221;off&#8221; da_dark_close=&#8221;off&#8221; da_not_modal=&#8221;on&#8221; da_is_singular=&#8221;off&#8221; da_with_loader=&#8221;off&#8221; da_has_shadow=&#8221;on&#8221;][et_pb_fullwidth_image src=&#8221;http:\/\/pcpplasticos.com\/wp-content\/uploads\/2018\/08\/peru_banner.jpg&#8221; _builder_version=&#8221;3.0.77&#8243;][\/et_pb_fullwidth_image][\/et_pb_section][et_pb_section fb_built=&#8221;1&#8243; _builder_version=&#8221;3.22&#8243; custom_padding=&#8221;0px|0px|0px|0px&#8221; da_disable_devices=&#8221;off|off|off&#8221; da_is_popup=&#8221;off&#8221; da_exit_intent=&#8221;off&#8221; da_has_close=&#8221;on&#8221; da_alt_close=&#8221;off&#8221; da_dark_close=&#8221;off&#8221; da_not_modal=&#8221;on&#8221; da_is_singular=&#8221;off&#8221; da_with_loader=&#8221;off&#8221; da_has_shadow=&#8221;on&#8221;][et_pb_row column_structure=&#8221;1_2,1_2&#8243; module_class=&#8221; et_pb_row_fullwidth&#8221; _builder_version=&#8221;3.25&#8243; width=&#8221;89%&#8221; width_tablet=&#8221;80%&#8221; width_phone=&#8221;&#8221; width_last_edited=&#8221;on|desktop&#8221; max_width=&#8221;89%&#8221; max_width_tablet=&#8221;80%&#8221; max_width_phone=&#8221;&#8221; max_width_last_edited=&#8221;on|desktop&#8221; custom_padding=&#8221;75px|0px|61px|0px&#8221; make_fullwidth=&#8221;on&#8221;][et_pb_column type=&#8221;1_2&#8243; _builder_version=&#8221;3.25&#8243; custom_padding=&#8221;|||&#8221; custom_padding__hover=&#8221;|||&#8221;][et_pb_blurb title=&#8221;CONTACTO PER\u00da&#8221; use_icon=&#8221;on&#8221; font_icon=&#8221;%%122%%&#8221; icon_color=&#8221;#ffffff&#8221; use_circle=&#8221;on&#8221; circle_color=&#8221;#0c71c3&#8243; icon_placement=&#8221;left&#8221; [&hellip;]<\/p>\n","protected":false},"author":296,"featured_media":0,"parent":0,"menu_order":0,"comment_status":"closed","ping_status":"closed","template":"","meta":{"_et_pb_use_builder":"on","_et_pb_old_content":"","_et_gb_content_width":"","content-type":"","footnotes":""},"class_list":["post-2600","page","type-page","status-publish","hentry"],"_links":{"self":[{"href":"https:\/\/pcpplasticos.com\/usa\/wp-json\/wp\/v2\/pages\/2600","targetHints":{"allow":["GET"]}}],"collection":[{"href":"https:\/\/pcpplasticos.com\/usa\/wp-json\/wp\/v2\/pages"}],"about":[{"href":"https:\/\/pcpplasticos.com\/usa\/wp-json\/wp\/v2\/types\/page"}],"author":[{"embeddable":true,"href":"https:\/\/pcpplasticos.com\/usa\/wp-json\/wp\/v2\/users\/296"}],"replies":[{"embeddable":true,"href":"https:\/\/pcpplasticos.com\/usa\/wp-json\/wp\/v2\/comments?post=2600"}],"version-history":[{"count":30,"href":"https:\/\/pcpplasticos.com\/usa\/wp-json\/wp\/v2\/pages\/2600\/revisions"}],"predecessor-version":[{"id":18402,"href":"https:\/\/pcpplasticos.com\/usa\/wp-json\/wp\/v2\/pages\/2600\/revisions\/18402"}],"wp:attachment":[{"href":"https:\/\/pcpplasticos.com\/usa\/wp-json\/wp\/v2\/media?parent=2600"}],"curies":[{"name":"wp","href":"https:\/\/api.w.org\/{rel}","templated":true}]}}