{"id":2609,"date":"2018-04-12T00:30:40","date_gmt":"2018-04-12T00:30:40","guid":{"rendered":"http:\/\/pcp.centroexcentrico.com\/?page_id=2609"},"modified":"2025-11-19T11:18:51","modified_gmt":"2025-11-19T16:18:51","slug":"mexico","status":"publish","type":"page","link":"https:\/\/pcpplasticos.com\/usa\/mexico\/","title":{"rendered":"Mexico"},"content":{"rendered":"\t\t<div data-elementor-type=\"wp-page\" data-elementor-id=\"2609\" class=\"elementor elementor-2609\" data-elementor-post-type=\"page\">\n\t\t\t\t<div class=\"elementor-element elementor-element-55a64f1f e-flex e-con-boxed e-con e-parent\" data-id=\"55a64f1f\" data-element_type=\"container\" data-e-type=\"container\">\n\t\t\t\t\t<div class=\"e-con-inner\">\n\t\t\t\t<div class=\"elementor-element elementor-element-69cfd47b elementor-widget elementor-widget-text-editor\" data-id=\"69cfd47b\" data-element_type=\"widget\" data-e-type=\"widget\" data-widget_type=\"text-editor.default\">\n\t\t\t\t<div class=\"elementor-widget-container\">\n\t\t\t\t\t\t\t\t\t<p>[et_pb_section fb_built=&#8221;1&#8243; fullwidth=&#8221;on&#8221; _builder_version=&#8221;3.22&#8243; da_disable_devices=&#8221;off|off|off&#8221; da_is_popup=&#8221;off&#8221; da_exit_intent=&#8221;off&#8221; da_has_close=&#8221;on&#8221; da_alt_close=&#8221;off&#8221; da_dark_close=&#8221;off&#8221; da_not_modal=&#8221;on&#8221; da_is_singular=&#8221;off&#8221; da_with_loader=&#8221;off&#8221; da_has_shadow=&#8221;on&#8221;][et_pb_fullwidth_image src=&#8221;http:\/\/pcpplasticos.com\/wp-content\/uploads\/2018\/08\/banner_mexico.jpg&#8221; _builder_version=&#8221;3.0.77&#8243;][\/et_pb_fullwidth_image][\/et_pb_section][et_pb_section fb_built=&#8221;1&#8243; _builder_version=&#8221;4.4.9&#8243; da_disable_devices=&#8221;off|off|off&#8221; locked=&#8221;off&#8221; da_is_popup=&#8221;off&#8221; da_exit_intent=&#8221;off&#8221; da_has_close=&#8221;on&#8221; da_alt_close=&#8221;off&#8221; da_dark_close=&#8221;off&#8221; da_not_modal=&#8221;on&#8221; da_is_singular=&#8221;off&#8221; da_with_loader=&#8221;off&#8221; da_has_shadow=&#8221;on&#8221;][et_pb_row _builder_version=&#8221;4.4.9&#8243; max_width=&#8221;1801px&#8221; custom_margin=&#8221;0px||||false|false&#8221; custom_padding=&#8221;50px||50px||false|false&#8221;][et_pb_column type=&#8221;4_4&#8243; _builder_version=&#8221;4.4.9&#8243;][et_pb_text _builder_version=&#8221;4.4.9&#8243; text_font=&#8221;Roboto||||||||&#8221; text_text_color=&#8221;#2466af&#8221; text_font_size=&#8221;20px&#8221;]<\/p><p><br><\/p>\n<p style=\"text-align: center;\"><span style=\"font-size: 17px; text-align: start;\">[\/et_pb_text][et_pb_code _builder_version=&#8221;4.4.9&#8243;][\/et_pb_code][\/et_pb_column][\/et_pb_row][\/et_pb_section][et_pb_section fb_built=&#8221;1&#8243; _builder_version=&#8221;3.22&#8243; custom_padding=&#8221;0px|0px|35px|0px&#8221; da_disable_devices=&#8221;off|off|off&#8221; da_is_popup=&#8221;off&#8221; da_exit_intent=&#8221;off&#8221; da_has_close=&#8221;on&#8221; da_alt_close=&#8221;off&#8221; da_dark_close=&#8221;off&#8221; da_not_modal=&#8221;on&#8221; da_is_singular=&#8221;off&#8221; da_with_loader=&#8221;off&#8221; da_has_shadow=&#8221;on&#8221;][et_pb_row column_structure=&#8221;1_2,1_2&#8243; module_class=&#8221; et_pb_row_fullwidth&#8221; _builder_version=&#8221;3.25&#8243; width=&#8221;89%&#8221; width_tablet=&#8221;80%&#8221; width_phone=&#8221;&#8221; width_last_edited=&#8221;on|desktop&#8221; max_width=&#8221;89%&#8221; max_width_tablet=&#8221;80%&#8221; max_width_phone=&#8221;&#8221; max_width_last_edited=&#8221;on|desktop&#8221; custom_padding=&#8221;77px|0px|48px|0px&#8221; make_fullwidth=&#8221;on&#8221;][et_pb_column type=&#8221;1_2&#8243; _builder_version=&#8221;3.25&#8243; custom_padding=&#8221;|||&#8221; custom_padding__hover=&#8221;|||&#8221;][et_pb_blurb title=&#8221;CONTACTO M\u00c9XICO&#8221; use_icon=&#8221;on&#8221; font_icon=&#8221;%%122%%&#8221; icon_color=&#8221;#ffffff&#8221; use_circle=&#8221;on&#8221; circle_color=&#8221;#0c71c3&#8243; icon_placement=&#8221;left&#8221; use_icon_font_size=&#8221;on&#8221; icon_font_size=&#8221;56px&#8221; _builder_version=&#8221;4.4.9&#8243; header_font=&#8221;Abel|on|||&#8221; header_text_align=&#8221;left&#8221; header_font_size=&#8221;47px&#8221; header_line_height=&#8221;1.8em&#8221; body_font=&#8221;Abel||||&#8221; body_font_size=&#8221;21px&#8221; body_line_height=&#8221;1em&#8221; custom_margin=&#8221;0px|||&#8221; custom_padding=&#8221;0px|||&#8221; animation_style=&#8221;zoom&#8221; animation_duration=&#8221;1350ms&#8221;]<\/span><\/p>\n<p style=\"text-align: left;\"><strong><span style=\"color: #0c71c3;\">Tel\/Cel<\/span>:<\/strong> +52 <span data-teams=\"true\">3316006702<\/span><\/p>\n<p style=\"text-align: left;\"><span style=\"color: #0c6bd1;\"><strong>E-mail:<\/strong><\/span> <a href=\"mailto:pcpmexico@PCPplasticos.com\">pcpmexico@PCPplasticos.com<\/a><\/p>\n<p style=\"text-align: left;\">Prolongaci\u00f3n Jos\u00e9&nbsp;Mar\u00eda Pino Suarez 1039 bodega 6, Colonia El Vigia, CP 45140 en Zapopan, Jalisco.<\/p>\n<p>[\/et_pb_blurb][\/et_pb_column][et_pb_column type=&#8221;1_2&#8243; _builder_version=&#8221;3.25&#8243; custom_padding=&#8221;|||&#8221; custom_padding__hover=&#8221;|||&#8221;][et_pb_blurb title=&#8221;CAT\u00c1LOGO M\u00c9XICO&#8221; url=&#8221;http:\/\/pcpplasticos.com\/files\/catalogo_web_mexico_02.pdf&#8221; use_icon=&#8221;on&#8221; font_icon=&#8221;%%72%%&#8221; icon_color=&#8221;#ffffff&#8221; use_circle=&#8221;on&#8221; circle_color=&#8221;#0c71c3&#8243; icon_placement=&#8221;left&#8221; use_icon_font_size=&#8221;on&#8221; icon_font_size=&#8221;54px&#8221; _builder_version=&#8221;4.4.9&#8243; header_font=&#8221;Abel|on|||&#8221; header_text_align=&#8221;left&#8221; header_font_size=&#8221;49px&#8221; header_line_height=&#8221;1.8em&#8221; body_font=&#8221;Abel||||&#8221; body_text_align=&#8221;left&#8221; body_font_size=&#8221;20px&#8221; body_line_height=&#8221;1em&#8221; animation_style=&#8221;zoom&#8221; animation_duration=&#8221;1350ms&#8221; hover_enabled=&#8221;0&#8243;]<\/p>\n<p><strong><a href=\"https:\/\/pcpplasticos.com\/wp-content\/uploads\/2025\/04\/CATALOGO-FERRETERIA-MEXICO.pdf\" target=\"_blank\" rel=\"noopener noreferrer\">Descargue aqu\u00ed Catalogo M\u00e9xico<\/a><\/strong><\/p>\n<p>Y conozca todos nuestros productos.<\/p>\n<p>[\/et_pb_blurb][\/et_pb_column][\/et_pb_row][\/et_pb_section]<\/p>\t\t\t\t\t\t\t\t<\/div>\n\t\t\t\t<\/div>\n\t\t\t\t\t<\/div>\n\t\t\t\t<\/div>\n\t\t\t\t<\/div>\n\t\t","protected":false},"excerpt":{"rendered":"<p>[et_pb_section fb_built=&#8221;1&#8243; fullwidth=&#8221;on&#8221; _builder_version=&#8221;3.22&#8243; da_disable_devices=&#8221;off|off|off&#8221; da_is_popup=&#8221;off&#8221; da_exit_intent=&#8221;off&#8221; da_has_close=&#8221;on&#8221; da_alt_close=&#8221;off&#8221; da_dark_close=&#8221;off&#8221; da_not_modal=&#8221;on&#8221; da_is_singular=&#8221;off&#8221; da_with_loader=&#8221;off&#8221; da_has_shadow=&#8221;on&#8221;][et_pb_fullwidth_image src=&#8221;http:\/\/pcpplasticos.com\/wp-content\/uploads\/2018\/08\/banner_mexico.jpg&#8221; _builder_version=&#8221;3.0.77&#8243;][\/et_pb_fullwidth_image][\/et_pb_section][et_pb_section fb_built=&#8221;1&#8243; _builder_version=&#8221;4.4.9&#8243; da_disable_devices=&#8221;off|off|off&#8221; locked=&#8221;off&#8221; da_is_popup=&#8221;off&#8221; da_exit_intent=&#8221;off&#8221; da_has_close=&#8221;on&#8221; da_alt_close=&#8221;off&#8221; da_dark_close=&#8221;off&#8221; da_not_modal=&#8221;on&#8221; da_is_singular=&#8221;off&#8221; da_with_loader=&#8221;off&#8221; da_has_shadow=&#8221;on&#8221;][et_pb_row _builder_version=&#8221;4.4.9&#8243; max_width=&#8221;1801px&#8221; custom_margin=&#8221;0px||||false|false&#8221; custom_padding=&#8221;50px||50px||false|false&#8221;][et_pb_column type=&#8221;4_4&#8243; _builder_version=&#8221;4.4.9&#8243;][et_pb_text _builder_version=&#8221;4.4.9&#8243; text_font=&#8221;Roboto||||||||&#8221; text_text_color=&#8221;#2466af&#8221; text_font_size=&#8221;20px&#8221;] [\/et_pb_text][et_pb_code _builder_version=&#8221;4.4.9&#8243;][\/et_pb_code][\/et_pb_column][\/et_pb_row][\/et_pb_section][et_pb_section fb_built=&#8221;1&#8243; _builder_version=&#8221;3.22&#8243; custom_padding=&#8221;0px|0px|35px|0px&#8221; da_disable_devices=&#8221;off|off|off&#8221; da_is_popup=&#8221;off&#8221; da_exit_intent=&#8221;off&#8221; da_has_close=&#8221;on&#8221; da_alt_close=&#8221;off&#8221; da_dark_close=&#8221;off&#8221; da_not_modal=&#8221;on&#8221; da_is_singular=&#8221;off&#8221; da_with_loader=&#8221;off&#8221; da_has_shadow=&#8221;on&#8221;][et_pb_row column_structure=&#8221;1_2,1_2&#8243; [&hellip;]<\/p>\n","protected":false},"author":296,"featured_media":0,"parent":0,"menu_order":0,"comment_status":"closed","ping_status":"closed","template":"","meta":{"_et_pb_use_builder":"on","_et_pb_old_content":"","_et_gb_content_width":"","content-type":"","footnotes":""},"class_list":["post-2609","page","type-page","status-publish","hentry"],"_links":{"self":[{"href":"https:\/\/pcpplasticos.com\/usa\/wp-json\/wp\/v2\/pages\/2609","targetHints":{"allow":["GET"]}}],"collection":[{"href":"https:\/\/pcpplasticos.com\/usa\/wp-json\/wp\/v2\/pages"}],"about":[{"href":"https:\/\/pcpplasticos.com\/usa\/wp-json\/wp\/v2\/types\/page"}],"author":[{"embeddable":true,"href":"https:\/\/pcpplasticos.com\/usa\/wp-json\/wp\/v2\/users\/296"}],"replies":[{"embeddable":true,"href":"https:\/\/pcpplasticos.com\/usa\/wp-json\/wp\/v2\/comments?post=2609"}],"version-history":[{"count":54,"href":"https:\/\/pcpplasticos.com\/usa\/wp-json\/wp\/v2\/pages\/2609\/revisions"}],"predecessor-version":[{"id":19417,"href":"https:\/\/pcpplasticos.com\/usa\/wp-json\/wp\/v2\/pages\/2609\/revisions\/19417"}],"wp:attachment":[{"href":"https:\/\/pcpplasticos.com\/usa\/wp-json\/wp\/v2\/media?parent=2609"}],"curies":[{"name":"wp","href":"https:\/\/api.w.org\/{rel}","templated":true}]}}