{"id":338,"date":"2018-01-29T14:03:40","date_gmt":"2018-01-29T14:03:40","guid":{"rendered":"http:\/\/pcp.centroexcentrico.com\/?page_id=338"},"modified":"2025-05-13T09:45:07","modified_gmt":"2025-05-13T14:45:07","slug":"data-protection","status":"publish","type":"page","link":"https:\/\/pcpplasticos.com\/usa\/proteccion-de-datos\/","title":{"rendered":"Data Protection"},"content":{"rendered":"<div data-elementor-type=\"wp-page\" data-elementor-id=\"338\" class=\"elementor elementor-338\" data-elementor-post-type=\"page\">\n\t\t\t\t<div class=\"elementor-element elementor-element-7e229e74 e-con-full blanco-difuminado e-flex e-con e-parent\" data-id=\"7e229e74\" data-element_type=\"container\" data-e-type=\"container\">\n\t\t\t\t<div class=\"elementor-element elementor-element-6362e0df elementor-widget elementor-widget-image-carousel\" data-id=\"6362e0df\" data-element_type=\"widget\" data-e-type=\"widget\" data-settings=\"{&quot;slides_to_show&quot;:&quot;1&quot;,&quot;navigation&quot;:&quot;none&quot;,&quot;autoplay&quot;:&quot;yes&quot;,&quot;pause_on_hover&quot;:&quot;yes&quot;,&quot;pause_on_interaction&quot;:&quot;yes&quot;,&quot;autoplay_speed&quot;:5000,&quot;infinite&quot;:&quot;yes&quot;,&quot;effect&quot;:&quot;slide&quot;,&quot;speed&quot;:500}\" data-widget_type=\"image-carousel.default\">\n\t\t\t\t<div class=\"elementor-widget-container\">\n\t\t\t\t\t\t\t<div class=\"elementor-image-carousel-wrapper swiper\" role=\"region\" aria-roledescription=\"carousel\" aria-label=\"Carousel of images\" dir=\"ltr\">\n\t\t\t<div class=\"elementor-image-carousel swiper-wrapper swiper-image-stretch\" aria-live=\"off\">\n\t\t\t\t\t\t\t\t<div class=\"swiper-slide\" role=\"group\" aria-roledescription=\"slide\" aria-label=\"1 of 1\"><figure class=\"swiper-slide-inner\"><img decoding=\"async\" class=\"swiper-slide-image\" src=\"https:\/\/pcpplasticos.com\/wp-content\/uploads\/2025\/03\/somos-pcp.webp\" alt=\"we-are-pcp\" \/><\/figure><\/div>\t\t\t<\/div>\n\t\t\t\t\t<\/div>\n\t\t\t\t\t\t<\/div>\n\t\t\t\t<\/div>\n\t\t\t\t<\/div>\n\t\t<div class=\"elementor-element elementor-element-2baeec4a e-flex e-con-boxed e-con e-parent\" data-id=\"2baeec4a\" data-element_type=\"container\" data-e-type=\"container\">\n\t\t\t\t\t<div class=\"e-con-inner\">\n\t\t\t\t<div class=\"elementor-element elementor-element-f12cd48 contenedor-breadcrumb elementor-widget elementor-widget-woocommerce-breadcrumb\" data-id=\"f12cd48\" data-element_type=\"widget\" data-e-type=\"widget\" data-widget_type=\"woocommerce-breadcrumb.default\">\n\t\t\t\t<div class=\"elementor-widget-container\">\n\t\t\t\t\t<nav class=\"woocommerce-breadcrumb\" aria-label=\"Breadcrumb\"><a href=\"https:\/\/pcpplasticos.com\/usa\" data-no-translation=\"\" data-trp-gettext=\"\">Home<\/a><span>Products<\/span><\/nav>\t\t\t\t<\/div>\n\t\t\t\t<\/div>\n\t\t\t\t<div class=\"elementor-element elementor-element-4b73aa84 elementor-widget elementor-widget-heading\" data-id=\"4b73aa84\" data-element_type=\"widget\" data-e-type=\"widget\" data-widget_type=\"heading.default\">\n\t\t\t\t<div class=\"elementor-widget-container\">\n\t\t\t\t\t<h1 class=\"elementor-heading-title elementor-size-default\">Data Protection<\/h1>\t\t\t\t<\/div>\n\t\t\t\t<\/div>\n\t\t\t\t\t<\/div>\n\t\t\t\t<\/div>\n\t\t<div class=\"elementor-element elementor-element-4448a83 e-flex e-con-boxed e-con e-parent\" data-id=\"4448a83\" data-element_type=\"container\" data-e-type=\"container\">\n\t\t\t\t\t<div class=\"e-con-inner\">\n\t\t\t\t<div class=\"elementor-element elementor-element-55f2319 elementor-widget elementor-widget-heading\" data-id=\"55f2319\" data-element_type=\"widget\" data-e-type=\"widget\" data-widget_type=\"heading.default\">\n\t\t\t\t<div class=\"elementor-widget-container\">\n\t\t\t\t\t<h2 class=\"elementor-heading-title elementor-size-default\">Privacy Notice<\/h2>\t\t\t\t<\/div>\n\t\t\t\t<\/div>\n\t\t\t\t<div class=\"elementor-element elementor-element-a31808c elementor-widget elementor-widget-text-editor\" data-id=\"a31808c\" data-element_type=\"widget\" data-e-type=\"widget\" data-widget_type=\"text-editor.default\">\n\t\t\t\t<div class=\"elementor-widget-container\">\n\t\t\t\t\t\t\t\t\t<div class=\"et_pb_text_inner\">\n<p><strong>ANNOUNCEMENT TO THE PUBLIC<\/strong><\/p>\n<p>The purpose of this Privacy Notice is to inform you that your personal data will be processed in accordance with the provisions of the legal framework for the Protection of Personal Data.<\/p>\n<p>Purposes of processing of personal data by<strong>\u00a0PLASTIC PARTS AND ACCESSORIES S.A.S. NIT. 800.027.765-5 (hereinafter PCP)\u00a0<\/strong>(i) carry out qualitative and quantitative assessments of the levels of goods\/services received through employment and service provision contracts; (ii) select potential suppliers to acquire goods\/services; (iii) exercise control and accounting records of the obligations contracted by PCP; (iv) comply with fiscal and legal aspects with government and regulatory entities; (v) control and pay for the goods\/services received; (vi) communicate PCP's policies and procedures; (vii) consult, audit and review aspects derived from the legal relationship that exists between the owner of the information and PCP, and; viii) Receive contact information from the sales force and\/or distribution network, Telemarketing, Market Research for the development of activities related to the corporate purpose of PCP and, in general, any other necessary activity.<\/p>\n<p><strong>To learn about our personal data processing policies, please send a request to the following email address:<\/strong> <a href=\"mailto:protecciondedatos@pcpideasquefluyen.com.com\">protecciondedatos@pcpideasquefluyen.com<\/a><strong>\u00a0<\/strong>or call (606)3495279 Ext 100.<\/p>\n<p><a href=\"https:\/\/pcpplasticos.com\/wp-content\/uploads\/2024\/10\/Web-Politica_ProteccionDatos_PCP.pdf\" target=\"_blank\" rel=\"noopener noreferrer\"><strong>Download the full privacy policy here<\/strong><\/a><\/p>\n<\/div>\t\t\t\t\t\t\t\t<\/div>\n\t\t\t\t<\/div>\n\t\t\t\t\t<\/div>\n\t\t\t\t<\/div>\n\t\t\t\t<\/div>","protected":false},"excerpt":{"rendered":"<p>Aviso de privacidad ANUNCIO AL P\u00daBLICO El presente Aviso de Privacidad tiene como objetivo comunicarle que sus datos personales ser\u00e1n tratados de conformidad con lo establecido en el marco jur\u00eddico de Protecci\u00f3n de Datos Personales. Finalidades de tratamiento de los datos personales por parte de\u00a0PARTES Y COMPLEMENTOS PL\u00c1STICOS S.A.S. NIT. 800.027.765-5 (en adelante PCP)\u00a0(i) llevar [&hellip;]<\/p>\n","protected":false},"author":296,"featured_media":0,"parent":0,"menu_order":0,"comment_status":"closed","ping_status":"closed","template":"elementor_header_footer","meta":{"_et_pb_use_builder":"on","_et_pb_old_content":"","_et_gb_content_width":"","content-type":"","footnotes":""},"class_list":["post-338","page","type-page","status-publish","hentry"],"_links":{"self":[{"href":"https:\/\/pcpplasticos.com\/usa\/wp-json\/wp\/v2\/pages\/338","targetHints":{"allow":["GET"]}}],"collection":[{"href":"https:\/\/pcpplasticos.com\/usa\/wp-json\/wp\/v2\/pages"}],"about":[{"href":"https:\/\/pcpplasticos.com\/usa\/wp-json\/wp\/v2\/types\/page"}],"author":[{"embeddable":true,"href":"https:\/\/pcpplasticos.com\/usa\/wp-json\/wp\/v2\/users\/296"}],"replies":[{"embeddable":true,"href":"https:\/\/pcpplasticos.com\/usa\/wp-json\/wp\/v2\/comments?post=338"}],"version-history":[{"count":28,"href":"https:\/\/pcpplasticos.com\/usa\/wp-json\/wp\/v2\/pages\/338\/revisions"}],"predecessor-version":[{"id":19192,"href":"https:\/\/pcpplasticos.com\/usa\/wp-json\/wp\/v2\/pages\/338\/revisions\/19192"}],"wp:attachment":[{"href":"https:\/\/pcpplasticos.com\/usa\/wp-json\/wp\/v2\/media?parent=338"}],"curies":[{"name":"wp","href":"https:\/\/api.w.org\/{rel}","templated":true}]}}